{"id":572,"date":"2022-12-05T17:26:02","date_gmt":"2022-12-05T16:26:02","guid":{"rendered":"https:\/\/solamix.ch\/?page_id=572"},"modified":"2025-04-19T18:00:04","modified_gmt":"2025-04-19T16:00:04","slug":"impressum","status":"publish","type":"page","link":"https:\/\/solamix.ch\/fr\/impressum\/","title":{"rendered":"Impressum"},"content":{"rendered":"<div data-elementor-type=\"wp-page\" data-elementor-id=\"572\" class=\"elementor elementor-572\" data-elementor-settings=\"{&quot;ha_cmc_init_switcher&quot;:&quot;no&quot;}\">\n\t\t\t\t\t\t<section class=\"elementor-section elementor-top-section elementor-element elementor-element-a139f59 elementor-section-boxed elementor-section-height-default elementor-section-height-default\" data-id=\"a139f59\" data-element_type=\"section\" data-e-type=\"section\" data-settings=\"{&quot;background_background&quot;:&quot;classic&quot;}\">\n\t\t\t\t\t\t<div class=\"elementor-container elementor-column-gap-default\">\n\t\t\t\t\t<div class=\"elementor-column elementor-col-100 elementor-top-column elementor-element elementor-element-c8066ed\" data-id=\"c8066ed\" data-element_type=\"column\" data-e-type=\"column\">\n\t\t\t<div class=\"elementor-widget-wrap elementor-element-populated\">\n\t\t\t\t\t\t\t<\/div>\n\t\t<\/div>\n\t\t\t\t\t<\/div>\n\t\t<\/section>\n\t\t\t\t<section class=\"elementor-section elementor-top-section elementor-element elementor-element-347c3e2 elementor-section-boxed elementor-section-height-default elementor-section-height-default\" data-id=\"347c3e2\" data-element_type=\"section\" data-e-type=\"section\" data-settings=\"{&quot;background_background&quot;:&quot;classic&quot;}\">\n\t\t\t\t\t\t<div class=\"elementor-container elementor-column-gap-default\">\n\t\t\t\t\t<div class=\"elementor-column elementor-col-66 elementor-top-column elementor-element elementor-element-7270dae\" data-id=\"7270dae\" data-element_type=\"column\" data-e-type=\"column\">\n\t\t\t<div class=\"elementor-widget-wrap elementor-element-populated\">\n\t\t\t\t\t\t<div class=\"elementor-element elementor-element-434ab15 elementor-widget elementor-widget-image\" data-id=\"434ab15\" data-element_type=\"widget\" data-e-type=\"widget\" data-widget_type=\"image.default\">\n\t\t\t\t<div class=\"elementor-widget-container\">\n\t\t\t\t\t\t\t\t\t\t\t\t\t\t\t<img decoding=\"async\" width=\"300\" height=\"81\" src=\"https:\/\/solamix.ch\/wp-content\/uploads\/2022\/10\/front_logo_fr_tmp.png\" class=\"attachment-medium size-medium wp-image-259\" alt=\"\" srcset=\"https:\/\/solamix.ch\/wp-content\/uploads\/2022\/10\/front_logo_fr_tmp.png 3534w, https:\/\/solamix.ch\/wp-content\/uploads\/2022\/10\/front_logo_fr_tmp-300x81.png 300w, https:\/\/solamix.ch\/wp-content\/uploads\/2022\/10\/front_logo_fr_tmp-1024x275.png 1024w, https:\/\/solamix.ch\/wp-content\/uploads\/2022\/10\/front_logo_fr_tmp-768x206.png 768w, https:\/\/solamix.ch\/wp-content\/uploads\/2022\/10\/front_logo_fr_tmp-1536x413.png 1536w, https:\/\/solamix.ch\/wp-content\/uploads\/2022\/10\/front_logo_fr_tmp-2048x551.png 2048w, https:\/\/solamix.ch\/wp-content\/uploads\/2022\/10\/front_logo_fr_tmp-18x5.png 18w\" sizes=\"(max-width: 300px) 100vw, 300px\" \/>\t\t\t\t\t\t\t\t\t\t\t\t\t\t\t<\/div>\n\t\t\t\t<\/div>\n\t\t\t\t\t<\/div>\n\t\t<\/div>\n\t\t\t\t<div class=\"elementor-column elementor-col-33 elementor-top-column elementor-element elementor-element-11aa3cd\" data-id=\"11aa3cd\" data-element_type=\"column\" data-e-type=\"column\">\n\t\t\t<div class=\"elementor-widget-wrap elementor-element-populated\">\n\t\t\t\t\t\t<div class=\"elementor-element elementor-element-7dd2fad elementor-widget__width-auto elementor-widget elementor-widget-shortcode\" data-id=\"7dd2fad\" data-element_type=\"widget\" data-e-type=\"widget\" data-widget_type=\"shortcode.default\">\n\t\t\t\t<div class=\"elementor-widget-container\">\n\t\t\t\t\t\t\t<div class=\"elementor-shortcode\"><div class='trp-language-switcher-custom-container' data-no-translation><span class='trp-language-switcher-item trp-language-switcher-item-current'><a href='https:\/\/solamix.ch\/fr\/wp-json\/wp\/v2\/pages\/572'><strong>DE<\/strong><\/a><\/span><span class='trp-language-switcher-item trp-language-switcher-item-current'><a href='https:\/\/solamix.ch\/fr\/wp-json\/wp\/v2\/pages\/572'><strong>FR<\/strong><\/a><\/span><\/div><\/div>\n\t\t\t\t\t\t<\/div>\n\t\t\t\t<\/div>\n\t\t\t\t\t<\/div>\n\t\t<\/div>\n\t\t\t\t\t<\/div>\n\t\t<\/section>\n\t\t\t\t<section class=\"elementor-section elementor-top-section elementor-element elementor-element-65f8892 elementor-section-boxed elementor-section-height-default elementor-section-height-default\" data-id=\"65f8892\" data-element_type=\"section\" data-e-type=\"section\" data-settings=\"{&quot;background_background&quot;:&quot;classic&quot;}\">\n\t\t\t\t\t\t<div class=\"elementor-container elementor-column-gap-default\">\n\t\t\t\t\t<div class=\"elementor-column elementor-col-100 elementor-top-column elementor-element elementor-element-16ead36\" data-id=\"16ead36\" data-element_type=\"column\" data-e-type=\"column\">\n\t\t\t<div class=\"elementor-widget-wrap elementor-element-populated\">\n\t\t\t\t\t\t<div class=\"elementor-element elementor-element-0a27319 elementor-widget elementor-widget-spacer\" data-id=\"0a27319\" data-element_type=\"widget\" data-e-type=\"widget\" data-widget_type=\"spacer.default\">\n\t\t\t\t<div class=\"elementor-widget-container\">\n\t\t\t\t\t\t\t<div class=\"elementor-spacer\">\n\t\t\t<div class=\"elementor-spacer-inner\"><\/div>\n\t\t<\/div>\n\t\t\t\t\t\t<\/div>\n\t\t\t\t<\/div>\n\t\t\t\t\t<\/div>\n\t\t<\/div>\n\t\t\t\t\t<\/div>\n\t\t<\/section>\n\t\t\t\t<section class=\"elementor-section elementor-top-section elementor-element elementor-element-758062e elementor-section-boxed elementor-section-height-default elementor-section-height-default\" data-id=\"758062e\" data-element_type=\"section\" data-e-type=\"section\" data-settings=\"{&quot;background_background&quot;:&quot;classic&quot;}\">\n\t\t\t\t\t\t<div class=\"elementor-container elementor-column-gap-default\">\n\t\t\t\t\t<div class=\"elementor-column elementor-col-100 elementor-top-column elementor-element elementor-element-3591ae6\" data-id=\"3591ae6\" data-element_type=\"column\" data-e-type=\"column\">\n\t\t\t<div class=\"elementor-widget-wrap elementor-element-populated\">\n\t\t\t\t\t\t<div class=\"elementor-element elementor-element-313f39d elementor-widget elementor-widget-spacer\" data-id=\"313f39d\" data-element_type=\"widget\" data-e-type=\"widget\" data-widget_type=\"spacer.default\">\n\t\t\t\t<div class=\"elementor-widget-container\">\n\t\t\t\t\t\t\t<div class=\"elementor-spacer\">\n\t\t\t<div class=\"elementor-spacer-inner\"><\/div>\n\t\t<\/div>\n\t\t\t\t\t\t<\/div>\n\t\t\t\t<\/div>\n\t\t\t\t\t<\/div>\n\t\t<\/div>\n\t\t\t\t\t<\/div>\n\t\t<\/section>\n\t\t\t\t<section class=\"elementor-section elementor-top-section elementor-element elementor-element-8b4f747 elementor-section-boxed elementor-section-height-default elementor-section-height-default\" data-id=\"8b4f747\" data-element_type=\"section\" data-e-type=\"section\" data-settings=\"{&quot;background_background&quot;:&quot;classic&quot;}\">\n\t\t\t\t\t\t<div class=\"elementor-container elementor-column-gap-default\">\n\t\t\t\t\t<div class=\"elementor-column elementor-col-100 elementor-top-column elementor-element elementor-element-4560460\" data-id=\"4560460\" data-element_type=\"column\" data-e-type=\"column\">\n\t\t\t<div class=\"elementor-widget-wrap elementor-element-populated\">\n\t\t\t\t\t\t<div class=\"elementor-element elementor-element-06b6c9b elementor-widget elementor-widget-heading\" data-id=\"06b6c9b\" data-element_type=\"widget\" data-e-type=\"widget\" data-widget_type=\"heading.default\">\n\t\t\t\t<div class=\"elementor-widget-container\">\n\t\t\t\t\t<h2 class=\"elementor-heading-title elementor-size-default\">Impressum<\/h2>\t\t\t\t<\/div>\n\t\t\t\t<\/div>\n\t\t\t\t<div class=\"elementor-element elementor-element-c8ff0e4 elementor-widget elementor-widget-text-editor\" data-id=\"c8ff0e4\" data-element_type=\"widget\" data-e-type=\"widget\" data-widget_type=\"text-editor.default\">\n\t\t\t\t<div class=\"elementor-widget-container\">\n\t\t\t\t\t\t\t\t\t<p>La coop\u00e9rative sol\u00b7ami\u00b7x est organis\u00e9e d\u00e9mocratiquement, sous forme d'association. Les statuts de l'association se trouvent ici.<\/p>\t\t\t\t\t\t\t\t<\/div>\n\t\t\t\t<\/div>\n\t\t\t\t<div class=\"elementor-element elementor-element-cfa181b elementor-align-left elementor-widget elementor-widget-button\" data-id=\"cfa181b\" data-element_type=\"widget\" data-e-type=\"widget\" data-widget_type=\"button.default\">\n\t\t\t\t<div class=\"elementor-widget-container\">\n\t\t\t\t\t\t\t\t\t<div class=\"elementor-button-wrapper\">\n\t\t\t\t\t<a class=\"elementor-button elementor-button-link elementor-size-xl\" href=\"https:\/\/solamix.ch\/wp-content\/uploads\/2025\/03\/2025-03-01_Statuten_solamix_FR.pdf\">\n\t\t\t\t\t\t<span class=\"elementor-button-content-wrapper\">\n\t\t\t\t\t\t<span class=\"elementor-button-icon\">\n\t\t\t\t<i aria-hidden=\"true\" class=\"far fa-file-pdf\"><\/i>\t\t\t<\/span>\n\t\t\t\t\t\t\t\t\t<span class=\"elementor-button-text\">Statuts<\/span>\n\t\t\t\t\t<\/span>\n\t\t\t\t\t<\/a>\n\t\t\t\t<\/div>\n\t\t\t\t\t\t\t\t<\/div>\n\t\t\t\t<\/div>\n\t\t\t\t<div class=\"elementor-element elementor-element-064026f elementor-widget elementor-widget-heading\" data-id=\"064026f\" data-element_type=\"widget\" data-e-type=\"widget\" id=\"anmeldung\" data-widget_type=\"heading.default\">\n\t\t\t\t<div class=\"elementor-widget-container\">\n\t\t\t\t\t<h4 class=\"elementor-heading-title elementor-size-default\">Adresse de contact<\/h4>\t\t\t\t<\/div>\n\t\t\t\t<\/div>\n\t\t\t\t<div class=\"elementor-element elementor-element-0508fc7 elementor-widget elementor-widget-text-editor\" data-id=\"0508fc7\" data-element_type=\"widget\" data-e-type=\"widget\" data-widget_type=\"text-editor.default\">\n\t\t\t\t<div class=\"elementor-widget-container\">\n\t\t\t\t\t\t\t\t\t<p>Association coop\u00e9rative sol\u00b7ami\u00b7x<br>Wysserain 7<br>3257 Grossaffoltern<br>solamix@immerda.ch<\/p>\n<p><strong>Programmation &amp; webdesign:<\/strong> Samira Della Schiava<\/p>\t\t\t\t\t\t\t\t<\/div>\n\t\t\t\t<\/div>\n\t\t\t\t<div class=\"elementor-element elementor-element-aaff714 elementor-widget elementor-widget-heading\" data-id=\"aaff714\" data-element_type=\"widget\" data-e-type=\"widget\" data-widget_type=\"heading.default\">\n\t\t\t\t<div class=\"elementor-widget-container\">\n\t\t\t\t\t<h4 class=\"elementor-heading-title elementor-size-default\">Clause de non-responsabilit\u00e9<\/h4>\t\t\t\t<\/div>\n\t\t\t\t<\/div>\n\t\t\t\t<div class=\"elementor-element elementor-element-2e3c62c elementor-widget elementor-widget-text-editor\" data-id=\"2e3c62c\" data-element_type=\"widget\" data-e-type=\"widget\" data-widget_type=\"text-editor.default\">\n\t\t\t\t<div class=\"elementor-widget-container\">\n\t\t\t\t\t\t\t\t\t<p>La coop\u00e9rative sol\u00b7ami\u00b7x d\u00e9cline toute responsabilit\u00e9 quant \u00e0 la justesse, l'exactitude, l'actualit\u00e9, la fiabilit\u00e9 et l'exhaustivit\u00e9 des informations.<\/p><p>La coop\u00e9rative sol\u00b7ami\u00b7x ne peut en aucun cas \u00eatre tenue responsable des r\u00e9clamations de tiers ou des dommages mat\u00e9riaux ou immat\u00e9riaux3 r\u00e9sultant de l'acc\u00e8s, de l'utilisation ou de la non-utilisation des informations publi\u00e9es, d'une mauvaise utilisation de la connexion ou de dysfonctionnements techniques.<\/p><p>Toutes les offres sont sans engagement. La coop\u00e9rative sol\u00b7ami\u00b7x se r\u00e9serve express\u00e9ment le droit de modifier, d'ajouter ou de supprimer des parties ou l'offre enti\u00e8re ou de cesser temporairement ou d\u00e9finitivement la publication sans pr\u00e9avis.<\/p>\t\t\t\t\t\t\t\t<\/div>\n\t\t\t\t<\/div>\n\t\t\t\t<div class=\"elementor-element elementor-element-4637113 elementor-widget elementor-widget-heading\" data-id=\"4637113\" data-element_type=\"widget\" data-e-type=\"widget\" data-widget_type=\"heading.default\">\n\t\t\t\t<div class=\"elementor-widget-container\">\n\t\t\t\t\t<h4 class=\"elementor-heading-title elementor-size-default\">Liens externes<\/h4>\t\t\t\t<\/div>\n\t\t\t\t<\/div>\n\t\t\t\t<div class=\"elementor-element elementor-element-912c672 elementor-widget elementor-widget-text-editor\" data-id=\"912c672\" data-element_type=\"widget\" data-e-type=\"widget\" data-widget_type=\"text-editor.default\">\n\t\t\t\t<div class=\"elementor-widget-container\">\n\t\t\t\t\t\t\t\t\t<p>Les r\u00e9f\u00e9rences et les liens vers des sites Web tiers ne rel\u00e8vent pas de notre responsabilit\u00e9. L'acc\u00e8s et l'utilisation de ces sites Web se font aux risques et p\u00e9rils de l'utilisateurice.<\/p>\t\t\t\t\t\t\t\t<\/div>\n\t\t\t\t<\/div>\n\t\t\t\t<div class=\"elementor-element elementor-element-5ced37e elementor-widget elementor-widget-heading\" data-id=\"5ced37e\" data-element_type=\"widget\" data-e-type=\"widget\" data-widget_type=\"heading.default\">\n\t\t\t\t<div class=\"elementor-widget-container\">\n\t\t\t\t\t<h4 class=\"elementor-heading-title elementor-size-default\">Copyrights<\/h4>\t\t\t\t<\/div>\n\t\t\t\t<\/div>\n\t\t\t\t<div class=\"elementor-element elementor-element-a68c53f elementor-widget elementor-widget-text-editor\" data-id=\"a68c53f\" data-element_type=\"widget\" data-e-type=\"widget\" data-widget_type=\"text-editor.default\">\n\t\t\t\t<div class=\"elementor-widget-container\">\n\t\t\t\t\t\t\t\t\t<p>Les droits d'auteur ainsi que tous les autres droits sur le contenu, les images, les photos ou autres fichiers du site Web appartiennent exclusivement \u00e0 la coop\u00e9rative sol\u00b7ami\u00b7x. Le consentement \u00e9crit des titulaires des droits d'auteur doit \u00eatre obtenu au pr\u00e9alable pour la reproduction de tout \u00e9l\u00e9ment.<\/p>\t\t\t\t\t\t\t\t<\/div>\n\t\t\t\t<\/div>\n\t\t\t\t\t<\/div>\n\t\t<\/div>\n\t\t\t\t\t<\/div>\n\t\t<\/section>\n\t\t\t\t<section class=\"elementor-section elementor-top-section elementor-element elementor-element-5f54935 elementor-section-boxed elementor-section-height-default elementor-section-height-default\" data-id=\"5f54935\" data-element_type=\"section\" data-e-type=\"section\" data-settings=\"{&quot;background_background&quot;:&quot;classic&quot;}\">\n\t\t\t\t\t\t<div class=\"elementor-container elementor-column-gap-default\">\n\t\t\t\t\t<div class=\"elementor-column elementor-col-100 elementor-top-column elementor-element elementor-element-3f3be43\" data-id=\"3f3be43\" data-element_type=\"column\" data-e-type=\"column\">\n\t\t\t<div class=\"elementor-widget-wrap elementor-element-populated\">\n\t\t\t\t\t\t<div class=\"elementor-element elementor-element-ad7ac91 elementor-widget elementor-widget-spacer\" data-id=\"ad7ac91\" data-element_type=\"widget\" data-e-type=\"widget\" data-widget_type=\"spacer.default\">\n\t\t\t\t<div class=\"elementor-widget-container\">\n\t\t\t\t\t\t\t<div class=\"elementor-spacer\">\n\t\t\t<div class=\"elementor-spacer-inner\"><\/div>\n\t\t<\/div>\n\t\t\t\t\t\t<\/div>\n\t\t\t\t<\/div>\n\t\t\t\t\t<\/div>\n\t\t<\/div>\n\t\t\t\t\t<\/div>\n\t\t<\/section>\n\t\t\t\t<section class=\"elementor-section elementor-top-section elementor-element elementor-element-6c08452 elementor-section-boxed elementor-section-height-default elementor-section-height-default\" data-id=\"6c08452\" data-element_type=\"section\" data-e-type=\"section\" data-settings=\"{&quot;background_background&quot;:&quot;classic&quot;}\">\n\t\t\t\t\t\t<div class=\"elementor-container elementor-column-gap-default\">\n\t\t\t\t\t<div class=\"elementor-column elementor-col-100 elementor-top-column elementor-element elementor-element-1efb60a\" data-id=\"1efb60a\" data-element_type=\"column\" data-e-type=\"column\">\n\t\t\t<div class=\"elementor-widget-wrap elementor-element-populated\">\n\t\t\t\t\t\t<div class=\"elementor-element elementor-element-218152f elementor-widget elementor-widget-spacer\" data-id=\"218152f\" data-element_type=\"widget\" data-e-type=\"widget\" data-widget_type=\"spacer.default\">\n\t\t\t\t<div class=\"elementor-widget-container\">\n\t\t\t\t\t\t\t<div class=\"elementor-spacer\">\n\t\t\t<div class=\"elementor-spacer-inner\"><\/div>\n\t\t<\/div>\n\t\t\t\t\t\t<\/div>\n\t\t\t\t<\/div>\n\t\t\t\t\t<\/div>\n\t\t<\/div>\n\t\t\t\t\t<\/div>\n\t\t<\/section>\n\t\t\t\t<section class=\"elementor-section elementor-top-section elementor-element elementor-element-aff0fe5 elementor-section-boxed elementor-section-height-default elementor-section-height-default\" data-id=\"aff0fe5\" data-element_type=\"section\" data-e-type=\"section\" data-settings=\"{&quot;background_background&quot;:&quot;classic&quot;}\">\n\t\t\t\t\t\t<div class=\"elementor-container elementor-column-gap-default\">\n\t\t\t\t\t<div class=\"elementor-column elementor-col-66 elementor-top-column elementor-element elementor-element-15f3c5b\" data-id=\"15f3c5b\" data-element_type=\"column\" data-e-type=\"column\">\n\t\t\t<div class=\"elementor-widget-wrap elementor-element-populated\">\n\t\t\t\t\t\t<div class=\"elementor-element elementor-element-9a3c04a elementor-widget elementor-widget-text-editor\" data-id=\"9a3c04a\" data-element_type=\"widget\" data-e-type=\"widget\" data-widget_type=\"text-editor.default\">\n\t\t\t\t<div class=\"elementor-widget-container\">\n\t\t\t\t\t\t\t\t\t<p><strong>Association coop\u00e9rative sol\u00b7ami\u00b7x<\/strong><br \/>Wysserain 7<br \/>3257 Grossaffoltern<\/p><p><a href=\"mailto:solamix@immerda.ch\">solamix@immerda.ch<\/a><\/p>\t\t\t\t\t\t\t\t<\/div>\n\t\t\t\t<\/div>\n\t\t\t\t\t<\/div>\n\t\t<\/div>\n\t\t\t\t<div class=\"elementor-column elementor-col-33 elementor-top-column elementor-element elementor-element-5a8cea2\" data-id=\"5a8cea2\" data-element_type=\"column\" data-e-type=\"column\">\n\t\t\t<div class=\"elementor-widget-wrap elementor-element-populated\">\n\t\t\t\t\t\t<div class=\"elementor-element elementor-element-e7875ed elementor-widget elementor-widget-image\" data-id=\"e7875ed\" data-element_type=\"widget\" data-e-type=\"widget\" data-widget_type=\"image.default\">\n\t\t\t\t<div class=\"elementor-widget-container\">\n\t\t\t\t\t\t\t\t\t\t\t\t\t\t\t<img decoding=\"async\" src=\"https:\/\/solamix.ch\/wp-content\/uploads\/elementor\/thumbs\/logo_trans-pu2jb61dmki9orurg4znhyu652mua2wkryl0fjnxb0.png\" title=\"logo_trans.png\" alt=\"logo_trans.png\" loading=\"lazy\" \/>\t\t\t\t\t\t\t\t\t\t\t\t\t\t\t<\/div>\n\t\t\t\t<\/div>\n\t\t\t\t\t<\/div>\n\t\t<\/div>\n\t\t\t\t\t<\/div>\n\t\t<\/section>\n\t\t\t\t<section class=\"elementor-section elementor-top-section elementor-element elementor-element-bd773ec elementor-section-boxed elementor-section-height-default elementor-section-height-default\" data-id=\"bd773ec\" data-element_type=\"section\" data-e-type=\"section\" data-settings=\"{&quot;background_background&quot;:&quot;classic&quot;}\">\n\t\t\t\t\t\t<div class=\"elementor-container elementor-column-gap-default\">\n\t\t\t\t\t<div class=\"elementor-column elementor-col-100 elementor-top-column elementor-element elementor-element-f91b7dc\" data-id=\"f91b7dc\" data-element_type=\"column\" data-e-type=\"column\">\n\t\t\t<div class=\"elementor-widget-wrap elementor-element-populated\">\n\t\t\t\t\t\t<div class=\"elementor-element elementor-element-9f11b17 elementor-widget elementor-widget-text-editor\" data-id=\"9f11b17\" data-element_type=\"widget\" data-e-type=\"widget\" data-widget_type=\"text-editor.default\">\n\t\t\t\t<div class=\"elementor-widget-container\">\n\t\t\t\t\t\t\t\t\t<p><strong>Copyright \u00a9 2025 <a style=\"text-decoration: none;\" href=\"https:\/\/solamix.ch\/fr\/\">Association coop\u00e9rative sol\u00b7ami\u00b7x <\/a>| <a style=\"text-decoration: none;\" href=\"https:\/\/solamix.ch\/wp-admin\">Login<\/a> | <a style=\"text-decoration: none;\" href=\"https:\/\/solamix.ch\/fr\/impressum\/\">Impressum<\/a> | <a style=\"text-decoration: none;\" href=\"https:\/\/solamix.ch\/fr\/datenschutzerklaerung\/\">Protection des donn\u00e9es<\/a><\/strong><\/p>\t\t\t\t\t\t\t\t<\/div>\n\t\t\t\t<\/div>\n\t\t\t\t\t<\/div>\n\t\t<\/div>\n\t\t\t\t\t<\/div>\n\t\t<\/section>\n\t\t\t\t<\/div>","protected":false},"excerpt":{"rendered":"<p>Impressum Die kooperative sol\u00b7ami\u00b7x ist als Verein basisdemokratisch organisiert. Die Vereinsstatuten sind hier zu finden. Statuten Kontaktadresse Verein kooperative sol\u00b7ami\u00b7xWysserain 73257 Grossaffolternsolamix@immerda.ch Programmierung &amp; Webdesign: Samira Della Schiava Haftungsausschluss Die kooperative sol\u00b7ami\u00b7x \u00fcbernimmt keinerlei Gew\u00e4hr hinsichtlich der inhaltlichen Richtigkeit, Genauigkeit, Aktualit\u00e4t, Zuverl\u00e4ssigkeit und Vollst\u00e4ndigkeit der Informationen. Haftungsanspr\u00fcche gegen die kooperative sol\u00b7ami\u00b7x wegen Sch\u00e4den materieller oder [&hellip;]<\/p>\n","protected":false},"author":1,"featured_media":0,"parent":0,"menu_order":0,"comment_status":"closed","ping_status":"closed","template":"","meta":{"footnotes":""},"class_list":["post-572","page","type-page","status-publish","hentry"],"_links":{"self":[{"href":"https:\/\/solamix.ch\/fr\/wp-json\/wp\/v2\/pages\/572","targetHints":{"allow":["GET"]}}],"collection":[{"href":"https:\/\/solamix.ch\/fr\/wp-json\/wp\/v2\/pages"}],"about":[{"href":"https:\/\/solamix.ch\/fr\/wp-json\/wp\/v2\/types\/page"}],"author":[{"embeddable":true,"href":"https:\/\/solamix.ch\/fr\/wp-json\/wp\/v2\/users\/1"}],"replies":[{"embeddable":true,"href":"https:\/\/solamix.ch\/fr\/wp-json\/wp\/v2\/comments?post=572"}],"version-history":[{"count":27,"href":"https:\/\/solamix.ch\/fr\/wp-json\/wp\/v2\/pages\/572\/revisions"}],"predecessor-version":[{"id":2121,"href":"https:\/\/solamix.ch\/fr\/wp-json\/wp\/v2\/pages\/572\/revisions\/2121"}],"wp:attachment":[{"href":"https:\/\/solamix.ch\/fr\/wp-json\/wp\/v2\/media?parent=572"}],"curies":[{"name":"wp","href":"https:\/\/api.w.org\/{rel}","templated":true}]}}