{"id":2166,"date":"2025-07-09T08:25:42","date_gmt":"2025-07-09T06:25:42","guid":{"rendered":"https:\/\/solamix.ch\/?page_id=2166"},"modified":"2025-07-09T08:32:56","modified_gmt":"2025-07-09T06:32:56","slug":"antifa","status":"publish","type":"page","link":"https:\/\/solamix.ch\/fr\/antifa\/","title":{"rendered":"Positionnement antiFa"},"content":{"rendered":"<div data-elementor-type=\"wp-page\" data-elementor-id=\"2166\" class=\"elementor elementor-2166\" data-elementor-settings=\"{&quot;ha_cmc_init_switcher&quot;:&quot;no&quot;}\">\n\t\t\t\t\t\t<header class=\"elementor-section elementor-top-section elementor-element elementor-element-d21c66c elementor-section-full_width custom-sidebar elementor-section-height-default elementor-section-height-default\" data-id=\"d21c66c\" data-element_type=\"section\" data-e-type=\"section\" data-settings=\"{&quot;background_background&quot;:&quot;classic&quot;}\">\n\t\t\t\t\t\t<div class=\"elementor-container elementor-column-gap-no\">\n\t\t\t\t\t<div class=\"elementor-column elementor-col-100 elementor-top-column elementor-element elementor-element-0a5f28a\" data-id=\"0a5f28a\" data-element_type=\"column\" data-e-type=\"column\">\n\t\t\t<div class=\"elementor-widget-wrap elementor-element-populated\">\n\t\t\t\t\t\t<div class=\"elementor-element elementor-element-8ec8a7b sidebar-container elementor-widget elementor-widget-sidebar\" data-id=\"8ec8a7b\" data-element_type=\"widget\" data-e-type=\"widget\" data-widget_type=\"sidebar.default\">\n\t\t\t\t<div class=\"elementor-widget-container\">\n\t\t\t\t\t<div>\n<figure class=\"wp-block-image size-medium is-resized is-style-default sidebar-logo\"><a href=\"https:\/\/solamix.ch\/fr\/\"><img fetchpriority=\"high\" decoding=\"async\" width=\"300\" height=\"300\" src=\"https:\/\/solamix.ch\/wp-content\/uploads\/2023\/08\/Logo_bw-300x300.png\" alt=\"\" class=\"wp-image-1347\" style=\"object-fit:contain;width:70px;height:70px\" srcset=\"https:\/\/solamix.ch\/wp-content\/uploads\/2023\/08\/Logo_bw-300x300.png 300w, https:\/\/solamix.ch\/wp-content\/uploads\/2023\/08\/Logo_bw-150x150.png 150w, https:\/\/solamix.ch\/wp-content\/uploads\/2023\/08\/Logo_bw-768x768.png 768w, https:\/\/solamix.ch\/wp-content\/uploads\/2023\/08\/Logo_bw-12x12.png 12w, https:\/\/solamix.ch\/wp-content\/uploads\/2023\/08\/Logo_bw.png 915w\" sizes=\"(max-width: 300px) 100vw, 300px\" \/><\/a><\/figure>\n<\/div><div>\n<figure class=\"wp-block-image size-large is-resized is-style-default sidebar-logo sidebar-logo-large\"><a href=\"https:\/\/solamix.ch\/fr\/\"><img decoding=\"async\" width=\"1024\" height=\"275\" src=\"https:\/\/solamix.ch\/wp-content\/uploads\/2022\/10\/front_logo_fr_tmp.png\" alt=\"\" class=\"wp-image-259\" style=\"width:undefinedpx;height:70px\" srcset=\"https:\/\/solamix.ch\/wp-content\/uploads\/2022\/10\/front_logo_fr_tmp.png 3534w, https:\/\/solamix.ch\/wp-content\/uploads\/2022\/10\/front_logo_fr_tmp-300x81.png 300w, https:\/\/solamix.ch\/wp-content\/uploads\/2022\/10\/front_logo_fr_tmp-1024x275.png 1024w, https:\/\/solamix.ch\/wp-content\/uploads\/2022\/10\/front_logo_fr_tmp-768x206.png 768w, https:\/\/solamix.ch\/wp-content\/uploads\/2022\/10\/front_logo_fr_tmp-1536x413.png 1536w, https:\/\/solamix.ch\/wp-content\/uploads\/2022\/10\/front_logo_fr_tmp-2048x551.png 2048w, https:\/\/solamix.ch\/wp-content\/uploads\/2022\/10\/front_logo_fr_tmp-18x5.png 18w\" sizes=\"(max-width: 1024px) 100vw, 1024px\" \/><\/a><\/figure>\n<\/div><div><ul class=\"side-nav\">\n<li class=\"side-nav-item\">\n<a class=\"side-nav-link\" href=\"\/fr\/\">\n<i class=\"fas fa-home fa-fw\"><\/i>\n<span><strong>Home<\/strong><\/span>\n<\/a>\n<\/li>\n<li class=\"side-nav-item\">\n<a class=\"side-nav-link\" href=\"\/fr\/membership\/\">\n<i class=\"fas fa-user fa-fw\"><\/i>\n<span><strong>Adh\u00e9sion<\/strong><\/span>\n<\/a>\n<\/li>\n<li class=\"side-nav-item\">\n<a class=\"side-nav-link\" href=\"\/fr\/pictures\/\">\n<i class=\"fas fa-camera fa-fw\"><\/i>\n<span><strong>Photos<\/strong><\/span>\n<\/a>\n<\/li>\n<li class=\"side-nav-item\">\n<a class=\"side-nav-link\" href=\"\/fr\/about\/\">\n<i class=\"fas fa-users fa-fw\"><\/i>\n<span><strong>\u00c0 propos<\/strong><\/span>\n<\/a>\n<\/li>\n<li class=\"side-nav-item\" style=\"margin-top:-30px; margin-bottom:-24px; padding-bottom:0;\">\n<a class=\"side-nav-link\" href=\"\/fr\/antifa\/\">\n<i class=\"fas fa-users fa-fw\" style=\" opacity:0;\"><\/i>\n<span style=\"margin-left:1em;\">Contre la droite<\/span>\n<\/a>\n<\/li>\n<li class=\"side-nav-item\">\n<a class=\"side-nav-link\" href=\"\/fr\/faq\/\">\n<i class=\"fas fa-question-circle\" style=\"width:20px;\"><\/i>\n<span><strong>FAQ<\/strong><\/span>\n<\/a>\n<\/li>\n<\/ul><\/div><div><ul class=\"side-nav social\">\n<li class=\"side-nav-item social\">\n<a class=\"side-nav-link social\" href=\"https:\/\/www.instagram.com\/sol_ami_x\/\">\n<i class=\"fab fa-instagram fa-lg\"><\/i>\n<span><strong>@sol_ami_x<\/strong><\/span>\n<\/a>\n<\/li>\n<\/ul><\/div>\t\t\t\t<\/div>\n\t\t\t\t<\/div>\n\t\t\t\t\t<\/div>\n\t\t<\/div>\n\t\t\t\t\t<\/div>\n\t\t<\/header>\n\t\t\t\t<header class=\"elementor-section elementor-top-section elementor-element elementor-element-347c3e2 elementor-section-height-min-height custom-topbar elementor-section-boxed elementor-section-height-default elementor-section-items-middle\" data-id=\"347c3e2\" data-element_type=\"section\" data-e-type=\"section\" data-settings=\"{&quot;background_background&quot;:&quot;classic&quot;}\">\n\t\t\t\t\t\t<div class=\"elementor-container elementor-column-gap-default\">\n\t\t\t\t\t<div class=\"elementor-column elementor-col-66 elementor-top-column elementor-element elementor-element-7270dae\" data-id=\"7270dae\" data-element_type=\"column\" data-e-type=\"column\" data-settings=\"{&quot;background_background&quot;:&quot;classic&quot;}\">\n\t\t\t<div class=\"elementor-widget-wrap\">\n\t\t\t\t\t\t\t<\/div>\n\t\t<\/div>\n\t\t\t\t<div class=\"elementor-column elementor-col-33 elementor-top-column elementor-element elementor-element-11aa3cd\" data-id=\"11aa3cd\" data-element_type=\"column\" data-e-type=\"column\">\n\t\t\t<div class=\"elementor-widget-wrap elementor-element-populated\">\n\t\t\t\t\t\t<div class=\"elementor-element elementor-element-7dd2fad elementor-widget__width-auto elementor-widget elementor-widget-shortcode\" data-id=\"7dd2fad\" data-element_type=\"widget\" data-e-type=\"widget\" data-widget_type=\"shortcode.default\">\n\t\t\t\t<div class=\"elementor-widget-container\">\n\t\t\t\t\t\t\t<div class=\"elementor-shortcode\"><div class='trp-language-switcher-custom-container' data-no-translation><span class='trp-language-switcher-item trp-language-switcher-item-current'><a href='https:\/\/solamix.ch\/fr\/wp-json\/wp\/v2\/pages\/2166'><strong>DE<\/strong><\/a><\/span><span class='trp-language-switcher-item trp-language-switcher-item-current'><a href='https:\/\/solamix.ch\/fr\/wp-json\/wp\/v2\/pages\/2166'><strong>FR<\/strong><\/a><\/span><\/div><\/div>\n\t\t\t\t\t\t<\/div>\n\t\t\t\t<\/div>\n\t\t\t\t\t<\/div>\n\t\t<\/div>\n\t\t\t\t\t<\/div>\n\t\t<\/header>\n\t\t\t\t<section class=\"elementor-section elementor-top-section elementor-element elementor-element-8b4f747 main-content elementor-section-boxed elementor-section-height-default elementor-section-height-default\" data-id=\"8b4f747\" data-element_type=\"section\" data-e-type=\"section\" data-settings=\"{&quot;background_background&quot;:&quot;classic&quot;}\">\n\t\t\t\t\t\t<div class=\"elementor-container elementor-column-gap-default\">\n\t\t\t\t\t<div class=\"elementor-column elementor-col-100 elementor-top-column elementor-element elementor-element-4560460\" data-id=\"4560460\" data-element_type=\"column\" data-e-type=\"column\">\n\t\t\t<div class=\"elementor-widget-wrap elementor-element-populated\">\n\t\t\t\t\t\t<div class=\"elementor-element elementor-element-06b6c9b elementor-widget elementor-widget-heading\" data-id=\"06b6c9b\" data-element_type=\"widget\" data-e-type=\"widget\" data-widget_type=\"heading.default\">\n\t\t\t\t<div class=\"elementor-widget-container\">\n\t\t\t\t\t<h2 class=\"elementor-heading-title elementor-size-default\">Positionnement antiFa<\/h2>\t\t\t\t<\/div>\n\t\t\t\t<\/div>\n\t\t\t\t<div class=\"elementor-element elementor-element-c5a98b3 elementor-widget elementor-widget-text-editor\" data-id=\"c5a98b3\" data-element_type=\"widget\" data-e-type=\"widget\" data-widget_type=\"text-editor.default\">\n\t\t\t\t<div class=\"elementor-widget-container\">\n\t\t\t\t\t\t\t\t\t<h4><span style=\"color: #ffffff;\">Un lieu de respect et de tol\u00e9rance<\/span><\/h4><p><span style=\"color: #ffffff;\">Nous voulons cr\u00e9er un espace dans lequel chaque  personne soit prise en consid\u00e9ration avec respect et tol\u00e9rance. Toute forme de discrimination nous est intol\u00e9rable: que ce soit du racisme, de  l\u2019antis\u00e9mitisme, du sexisme, de l\u2019homophobie ou toute autre forme de d\u00e9nigrement d'un \u00eatre humain. Nous condamnons \u00e9galement les tendances subtiles de la droite sugg\u00e9rant de telles attitudes sans les prononcer ouvertement. <\/span><\/p><p><span style=\"color: #ffffff;\">Des mouvances souvent d\u00e9finies comme \u00e9cofascistes, sont en recrudescence dans les milieux pourtant \u00e9cologiques et anticapitalistes (par ex. dans des solawi\/agricultures solidaires, ou des projets de\npermaculture) et tentent d\u2019y prendre pied. Ceci est bien une \u00e9pine dans le n\u00f4tre. Leurs visions du\nmonde, bas\u00e9es sur des id\u00e9ologies complotistes, patriotes et nationalistes, visent \u00e0 ne permettre une vie meilleure que pour une frange s\u00e9lectionn\u00e9e de la population.<\/span><\/p><h4><span style=\"color: #ffffff;\">Pour une vie meilleure pour toutes et tous<\/span><\/h4><p><span style=\"color: #ffffff;\">Nous aspirons \u00e0 une vie meilleure pour toutes et tous, pas uniquement pour nous-m\u00eame, tout en \u00e9tant\nconscient\u00b7e\u00b7s du privil\u00e8ge de notre situation. C\u2019est pourquoi nous d\u00e9sirons cr\u00e9er des espaces afin de discuter de l\u2019accessibilit\u00e9 \u00e0 une telle vie pour des\npersonnes ayant des v\u00e9cus divers, ainsi que pour d\u00e9battre de nos propres racismes. <\/span><\/p><p><span style=\"color: #ffffff;\">Nous reconnaissons que l\u2019erreur est humaine et nous nous y incluons. Nous voyons \u00e9galement la n\u00e9cessit\u00e9 d\u2019une bienveillance envers chacun\u00b7e pour apprendre et grandir ensemble.<\/span><\/p><h4><span style=\"color: #ffffff;\">Solidarit\u00e9 et r\u00e9sistance globale<\/span><\/h4><p><span style=\"color: #ffffff;\">Nous nous consid\u00e9rons comme faisant partie du mouvement de r\u00e9sistance pour une agriculture solidaire et durable. Nous partageons les causes des petit\u00b7e\u00b7s exploitant\u00b7e\u00b7s dans le monde ainsi que tout\u00b7e\u00b7s celleux qui, par l\u2019accaparement de leurs terres ou la perte de leurs moyens de subsistance se sont vu\u00b7e\u00b7s oblig\u00e9\u00b7e\u00b7s de quitter leurs racines. <\/span><\/p><p><span style=\"color: #ffffff;\">Ensemble, nous aimerions contribuer \u00e0 un monde plus juste et plus durable pour toutes et tous.<\/span><\/p>\t\t\t\t\t\t\t\t<\/div>\n\t\t\t\t<\/div>\n\t\t\t\t\t<\/div>\n\t\t<\/div>\n\t\t\t\t\t<\/div>\n\t\t<\/section>\n\t\t\t\t<footer class=\"elementor-section elementor-top-section elementor-element elementor-element-0415b83 elementor-section-boxed elementor-section-height-default elementor-section-height-default\" data-id=\"0415b83\" data-element_type=\"section\" data-e-type=\"section\" data-settings=\"{&quot;background_background&quot;:&quot;classic&quot;}\">\n\t\t\t\t\t\t<div class=\"elementor-container elementor-column-gap-no\">\n\t\t\t\t\t<div class=\"elementor-column elementor-col-100 elementor-top-column elementor-element elementor-element-abefdf2\" data-id=\"abefdf2\" data-element_type=\"column\" data-e-type=\"column\">\n\t\t\t<div class=\"elementor-widget-wrap elementor-element-populated\">\n\t\t\t\t\t\t<section class=\"elementor-section elementor-inner-section elementor-element elementor-element-c887f2e elementor-section-boxed elementor-section-height-default elementor-section-height-default\" data-id=\"c887f2e\" data-element_type=\"section\" data-e-type=\"section\">\n\t\t\t\t\t\t<div class=\"elementor-container elementor-column-gap-default\">\n\t\t\t\t\t<div class=\"elementor-column elementor-col-33 elementor-inner-column elementor-element elementor-element-21da1b8\" data-id=\"21da1b8\" data-element_type=\"column\" data-e-type=\"column\">\n\t\t\t<div class=\"elementor-widget-wrap elementor-element-populated\">\n\t\t\t\t\t\t<div class=\"elementor-element elementor-element-f119f88 elementor-widget elementor-widget-text-editor\" data-id=\"f119f88\" data-element_type=\"widget\" data-e-type=\"widget\" data-widget_type=\"text-editor.default\">\n\t\t\t\t<div class=\"elementor-widget-container\">\n\t\t\t\t\t\t\t\t\t<p><span style=\"color: #c2c2c2;\"><strong>Association coop\u00e9rative sol\u00b7ami\u00b7x<\/strong><\/span><br \/>Wysserain 7<br \/>3257 Grossaffoltern<\/p><p><strong><a href=\"mailto:solamix@immerda.ch\">solamix@immerda.ch<\/a><\/strong><\/p>\t\t\t\t\t\t\t\t<\/div>\n\t\t\t\t<\/div>\n\t\t\t\t\t<\/div>\n\t\t<\/div>\n\t\t\t\t<div class=\"elementor-column elementor-col-33 elementor-inner-column elementor-element elementor-element-9b9a7be col-center-left\" data-id=\"9b9a7be\" data-element_type=\"column\" data-e-type=\"column\">\n\t\t\t<div class=\"elementor-widget-wrap elementor-element-populated\">\n\t\t\t\t\t\t<div class=\"elementor-element elementor-element-ea05aa6 elementor-widget elementor-widget-text-editor\" data-id=\"ea05aa6\" data-element_type=\"widget\" data-e-type=\"widget\" data-widget_type=\"text-editor.default\">\n\t\t\t\t<div class=\"elementor-widget-container\">\n\t\t\t\t\t\t\t\t\t<p><span style=\"color: #c2c2c2;\"><strong>Donn\u00e9es bancaires<\/strong><\/span><br \/>Banque alternative suisse<br \/>BIC (SWIFT-Code): ABSOCH22<\/p><p>CH29 0839 0039 1971 1000 3<\/p>\t\t\t\t\t\t\t\t<\/div>\n\t\t\t\t<\/div>\n\t\t\t\t\t<\/div>\n\t\t<\/div>\n\t\t\t\t<div class=\"elementor-column elementor-col-33 elementor-inner-column elementor-element elementor-element-3890d17\" data-id=\"3890d17\" data-element_type=\"column\" data-e-type=\"column\">\n\t\t\t<div class=\"elementor-widget-wrap elementor-element-populated\">\n\t\t\t\t\t\t<div class=\"elementor-element elementor-element-5801911 elementor-widget elementor-widget-image\" data-id=\"5801911\" data-element_type=\"widget\" data-e-type=\"widget\" data-widget_type=\"image.default\">\n\t\t\t\t<div class=\"elementor-widget-container\">\n\t\t\t\t\t\t\t\t\t\t\t\t\t\t\t<img loading=\"lazy\" decoding=\"async\" width=\"300\" height=\"300\" src=\"https:\/\/solamix.ch\/wp-content\/uploads\/2022\/08\/logo_trans-300x300.png\" class=\"attachment-medium size-medium wp-image-22\" alt=\"\" srcset=\"https:\/\/solamix.ch\/wp-content\/uploads\/2022\/08\/logo_trans-300x300.png 300w, https:\/\/solamix.ch\/wp-content\/uploads\/2022\/08\/elementor\/thumbs\/logo_trans-pu2jb61dmki9orurg4znhyu652mua2wkryl0fjnxb0.png 150w, https:\/\/solamix.ch\/wp-content\/uploads\/2022\/08\/elementor\/thumbs\/logo_trans-pu2jb61ceppu2rp1184hdvzt3qf7mbouw5zua56p9w.png 50w, https:\/\/solamix.ch\/wp-content\/uploads\/2022\/08\/elementor\/thumbs\/logo_trans-pu2jb61d0n41vrrw8ok2fxezmej0y7apu2afcufbag.png 100w, https:\/\/solamix.ch\/wp-content\/uploads\/2022\/08\/logo_trans.png 621w\" sizes=\"(max-width: 300px) 100vw, 300px\" \/>\t\t\t\t\t\t\t\t\t\t\t\t\t\t\t<\/div>\n\t\t\t\t<\/div>\n\t\t\t\t\t<\/div>\n\t\t<\/div>\n\t\t\t\t\t<\/div>\n\t\t<\/section>\n\t\t\t\t<div class=\"elementor-element elementor-element-2e4d3ca elementor-widget elementor-widget-text-editor\" data-id=\"2e4d3ca\" data-element_type=\"widget\" data-e-type=\"widget\" data-widget_type=\"text-editor.default\">\n\t\t\t\t<div class=\"elementor-widget-container\">\n\t\t\t\t\t\t\t\t\t<p><strong>Copyright \u00a9 2025 <a style=\"text-decoration: none;\" href=\"https:\/\/solamix.ch\/fr\/\">Association coop\u00e9rative sol\u00b7ami\u00b7x <\/a>| <a style=\"text-decoration: none;\" href=\"https:\/\/solamix.ch\/wp-admin\">Login<\/a> | <a style=\"text-decoration: none;\" href=\"https:\/\/solamix.ch\/fr\/impressum\/\">Impressum<\/a> | <a style=\"text-decoration: none;\" href=\"https:\/\/solamix.ch\/fr\/datenschutzerklaerung\/\">Protection des donn\u00e9es<\/a><\/strong><\/p>\t\t\t\t\t\t\t\t<\/div>\n\t\t\t\t<\/div>\n\t\t\t\t\t<\/div>\n\t\t<\/div>\n\t\t\t\t\t<\/div>\n\t\t<\/footer>\n\t\t\t\t<\/div>","protected":false},"excerpt":{"rendered":"<p>Positionierung gegen Rechts Ein Ort f\u00fcr Respekt und Toleranz Wir m\u00f6chten einen offenen Raum schaffen, in dem allen Menschen mit Respekt und Toleranz begegnet wird. Diskriminierung jeglicher Art hat bei uns keinen Platz \u2013 weder Rassismus, Antisemitismus, Sexismus, Homophobie noch andere menschenverachtende Ansichten. Auch von subtileren, nicht offen ausgesprochenen rechten Tendenzen distanzieren wir uns klar. [&hellip;]<\/p>\n","protected":false},"author":2,"featured_media":0,"parent":0,"menu_order":0,"comment_status":"closed","ping_status":"closed","template":"","meta":{"footnotes":""},"class_list":["post-2166","page","type-page","status-publish","hentry"],"_links":{"self":[{"href":"https:\/\/solamix.ch\/fr\/wp-json\/wp\/v2\/pages\/2166","targetHints":{"allow":["GET"]}}],"collection":[{"href":"https:\/\/solamix.ch\/fr\/wp-json\/wp\/v2\/pages"}],"about":[{"href":"https:\/\/solamix.ch\/fr\/wp-json\/wp\/v2\/types\/page"}],"author":[{"embeddable":true,"href":"https:\/\/solamix.ch\/fr\/wp-json\/wp\/v2\/users\/2"}],"replies":[{"embeddable":true,"href":"https:\/\/solamix.ch\/fr\/wp-json\/wp\/v2\/comments?post=2166"}],"version-history":[{"count":5,"href":"https:\/\/solamix.ch\/fr\/wp-json\/wp\/v2\/pages\/2166\/revisions"}],"predecessor-version":[{"id":2175,"href":"https:\/\/solamix.ch\/fr\/wp-json\/wp\/v2\/pages\/2166\/revisions\/2175"}],"wp:attachment":[{"href":"https:\/\/solamix.ch\/fr\/wp-json\/wp\/v2\/media?parent=2166"}],"curies":[{"name":"wp","href":"https:\/\/api.w.org\/{rel}","templated":true}]}}