{"id":1939,"date":"2025-01-10T09:58:15","date_gmt":"2025-01-10T08:58:15","guid":{"rendered":"https:\/\/solamix.ch\/?page_id=1939"},"modified":"2025-09-12T15:36:30","modified_gmt":"2025-09-12T13:36:30","slug":"solamix-new-2","status":"publish","type":"page","link":"https:\/\/solamix.ch\/fr\/","title":{"rendered":"Solamix"},"content":{"rendered":"<div data-elementor-type=\"wp-page\" data-elementor-id=\"1939\" class=\"elementor elementor-1939\" data-elementor-settings=\"{&quot;ha_cmc_init_switcher&quot;:&quot;no&quot;}\">\n\t\t\t\t\t\t<header class=\"elementor-section elementor-top-section elementor-element elementor-element-d21c66c elementor-section-full_width elementor-section-items-stretch custom-sidebar elementor-section-height-full elementor-section-height-default\" data-id=\"d21c66c\" data-element_type=\"section\" data-e-type=\"section\" data-settings=\"{&quot;background_background&quot;:&quot;classic&quot;}\">\n\t\t\t\t\t\t<div class=\"elementor-container elementor-column-gap-no\">\n\t\t\t\t\t<div class=\"elementor-column elementor-col-100 elementor-top-column elementor-element elementor-element-0a5f28a\" data-id=\"0a5f28a\" data-element_type=\"column\" data-e-type=\"column\">\n\t\t\t<div class=\"elementor-widget-wrap elementor-element-populated\">\n\t\t\t\t\t\t<div class=\"elementor-element elementor-element-8ec8a7b sidebar-container elementor-widget elementor-widget-sidebar\" data-id=\"8ec8a7b\" data-element_type=\"widget\" data-e-type=\"widget\" data-widget_type=\"sidebar.default\">\n\t\t\t\t<div class=\"elementor-widget-container\">\n\t\t\t\t\t<div>\n<figure class=\"wp-block-image size-medium is-resized is-style-default sidebar-logo\"><a href=\"https:\/\/solamix.ch\/fr\/\"><img fetchpriority=\"high\" decoding=\"async\" width=\"300\" height=\"300\" src=\"https:\/\/solamix.ch\/wp-content\/uploads\/2023\/08\/Logo_bw-300x300.png\" alt=\"\" class=\"wp-image-1347\" style=\"object-fit:contain;width:70px;height:70px\" srcset=\"https:\/\/solamix.ch\/wp-content\/uploads\/2023\/08\/Logo_bw-300x300.png 300w, https:\/\/solamix.ch\/wp-content\/uploads\/2023\/08\/Logo_bw-150x150.png 150w, https:\/\/solamix.ch\/wp-content\/uploads\/2023\/08\/Logo_bw-768x768.png 768w, https:\/\/solamix.ch\/wp-content\/uploads\/2023\/08\/Logo_bw-12x12.png 12w, https:\/\/solamix.ch\/wp-content\/uploads\/2023\/08\/Logo_bw.png 915w\" sizes=\"(max-width: 300px) 100vw, 300px\" \/><\/a><\/figure>\n<\/div><div>\n<figure class=\"wp-block-image size-large is-resized is-style-default sidebar-logo sidebar-logo-large\"><a href=\"https:\/\/solamix.ch\/fr\/\"><img loading=\"lazy\" decoding=\"async\" width=\"1024\" height=\"275\" src=\"https:\/\/solamix.ch\/wp-content\/uploads\/2022\/10\/front_logo_fr_tmp.png\" alt=\"\" class=\"wp-image-259\" style=\"width:undefinedpx;height:70px\" srcset=\"https:\/\/solamix.ch\/wp-content\/uploads\/2022\/10\/front_logo_fr_tmp.png 3534w, https:\/\/solamix.ch\/wp-content\/uploads\/2022\/10\/front_logo_fr_tmp-300x81.png 300w, https:\/\/solamix.ch\/wp-content\/uploads\/2022\/10\/front_logo_fr_tmp-1024x275.png 1024w, https:\/\/solamix.ch\/wp-content\/uploads\/2022\/10\/front_logo_fr_tmp-768x206.png 768w, https:\/\/solamix.ch\/wp-content\/uploads\/2022\/10\/front_logo_fr_tmp-1536x413.png 1536w, https:\/\/solamix.ch\/wp-content\/uploads\/2022\/10\/front_logo_fr_tmp-2048x551.png 2048w, https:\/\/solamix.ch\/wp-content\/uploads\/2022\/10\/front_logo_fr_tmp-18x5.png 18w\" sizes=\"(max-width: 1024px) 100vw, 1024px\" \/><\/a><\/figure>\n<\/div><div><ul class=\"side-nav\">\n<li class=\"side-nav-item\">\n<a class=\"side-nav-link\" href=\"\/fr\/\">\n<i class=\"fas fa-home fa-fw\"><\/i>\n<span><strong>Home<\/strong><\/span>\n<\/a>\n<\/li>\n<li class=\"side-nav-item\">\n<a class=\"side-nav-link\" href=\"\/fr\/membership\/\">\n<i class=\"fas fa-user fa-fw\"><\/i>\n<span><strong>Adh\u00e9sion<\/strong><\/span>\n<\/a>\n<\/li>\n<li class=\"side-nav-item\">\n<a class=\"side-nav-link\" href=\"\/fr\/pictures\/\">\n<i class=\"fas fa-camera fa-fw\"><\/i>\n<span><strong>Photos<\/strong><\/span>\n<\/a>\n<\/li>\n<li class=\"side-nav-item\">\n<a class=\"side-nav-link\" href=\"\/fr\/about\/\">\n<i class=\"fas fa-users fa-fw\"><\/i>\n<span><strong>\u00c0 propos<\/strong><\/span>\n<\/a>\n<\/li>\n<li class=\"side-nav-item\" style=\"margin-top:-30px; margin-bottom:-24px; padding-bottom:0;\">\n<a class=\"side-nav-link\" href=\"\/fr\/antifa\/\">\n<i class=\"fas fa-users fa-fw\" style=\" opacity:0;\"><\/i>\n<span style=\"margin-left:1em;\">Contre la droite<\/span>\n<\/a>\n<\/li>\n<li class=\"side-nav-item\">\n<a class=\"side-nav-link\" href=\"\/fr\/faq\/\">\n<i class=\"fas fa-question-circle\" style=\"width:20px;\"><\/i>\n<span><strong>FAQ<\/strong><\/span>\n<\/a>\n<\/li>\n<\/ul><\/div><div><ul class=\"side-nav social\">\n<li class=\"side-nav-item social\">\n<a class=\"side-nav-link social\" href=\"https:\/\/www.instagram.com\/sol_ami_x\/\">\n<i class=\"fab fa-instagram fa-lg\"><\/i>\n<span><strong>@sol_ami_x<\/strong><\/span>\n<\/a>\n<\/li>\n<\/ul><\/div>\t\t\t\t<\/div>\n\t\t\t\t<\/div>\n\t\t\t\t\t<\/div>\n\t\t<\/div>\n\t\t\t\t\t<\/div>\n\t\t<\/header>\n\t\t\t\t<header class=\"elementor-section elementor-top-section elementor-element elementor-element-347c3e2 elementor-section-height-min-height custom-topbar elementor-section-boxed elementor-section-height-default elementor-section-items-middle\" data-id=\"347c3e2\" data-element_type=\"section\" data-e-type=\"section\" data-settings=\"{&quot;background_background&quot;:&quot;classic&quot;}\">\n\t\t\t\t\t\t<div class=\"elementor-container elementor-column-gap-default\">\n\t\t\t\t\t<div class=\"elementor-column elementor-col-66 elementor-top-column elementor-element elementor-element-7270dae\" data-id=\"7270dae\" data-element_type=\"column\" data-e-type=\"column\" data-settings=\"{&quot;background_background&quot;:&quot;classic&quot;}\">\n\t\t\t<div class=\"elementor-widget-wrap\">\n\t\t\t\t\t\t\t<\/div>\n\t\t<\/div>\n\t\t\t\t<div class=\"elementor-column elementor-col-33 elementor-top-column elementor-element elementor-element-11aa3cd\" data-id=\"11aa3cd\" data-element_type=\"column\" data-e-type=\"column\">\n\t\t\t<div class=\"elementor-widget-wrap elementor-element-populated\">\n\t\t\t\t\t\t<div class=\"elementor-element elementor-element-7dd2fad elementor-widget__width-auto elementor-widget elementor-widget-shortcode\" data-id=\"7dd2fad\" data-element_type=\"widget\" data-e-type=\"widget\" data-widget_type=\"shortcode.default\">\n\t\t\t\t<div class=\"elementor-widget-container\">\n\t\t\t\t\t\t\t<div class=\"elementor-shortcode\"><div class='trp-language-switcher-custom-container' data-no-translation><span class='trp-language-switcher-item trp-language-switcher-item-current'><a href='https:\/\/solamix.ch\/fr\/wp-json\/wp\/v2\/pages\/1939'><strong>DE<\/strong><\/a><\/span><span class='trp-language-switcher-item trp-language-switcher-item-current'><a href='https:\/\/solamix.ch\/fr\/wp-json\/wp\/v2\/pages\/1939'><strong>FR<\/strong><\/a><\/span><\/div><\/div>\n\t\t\t\t\t\t<\/div>\n\t\t\t\t<\/div>\n\t\t\t\t\t<\/div>\n\t\t<\/div>\n\t\t\t\t\t<\/div>\n\t\t<\/header>\n\t\t\t\t<section class=\"elementor-section elementor-top-section elementor-element elementor-element-8b4f747 main-content elementor-section-boxed elementor-section-height-default elementor-section-height-default\" data-id=\"8b4f747\" data-element_type=\"section\" data-e-type=\"section\" data-settings=\"{&quot;background_background&quot;:&quot;classic&quot;}\">\n\t\t\t\t\t\t<div class=\"elementor-container elementor-column-gap-default\">\n\t\t\t\t\t<div class=\"elementor-column elementor-col-100 elementor-top-column elementor-element elementor-element-4560460\" data-id=\"4560460\" data-element_type=\"column\" data-e-type=\"column\">\n\t\t\t<div class=\"elementor-widget-wrap elementor-element-populated\">\n\t\t\t\t\t\t<section class=\"elementor-section elementor-inner-section elementor-element elementor-element-8ee7674 elementor-section-boxed elementor-section-height-default elementor-section-height-default\" data-id=\"8ee7674\" data-element_type=\"section\" data-e-type=\"section\">\n\t\t\t\t\t\t<div class=\"elementor-container elementor-column-gap-no\">\n\t\t\t\t\t<div class=\"elementor-column elementor-col-100 elementor-inner-column elementor-element elementor-element-60863d3\" data-id=\"60863d3\" data-element_type=\"column\" data-e-type=\"column\">\n\t\t\t<div class=\"elementor-widget-wrap elementor-element-populated\">\n\t\t\t\t\t\t<div class=\"elementor-element elementor-element-e11f9ca elementor-grid-1 elementor-grid-tablet-2 elementor-grid-mobile-1 elementor-widget elementor-widget-pp-posts\" data-id=\"e11f9ca\" data-element_type=\"widget\" data-e-type=\"widget\" data-widget_type=\"pp-posts.classic\">\n\t\t\t\t<div class=\"elementor-widget-container\">\n\t\t\t\t\t\t\t<div class=\"pp-posts-container\">\n\t\t\t\n\t\t\t\t\t\t\t\t\t\t\n\t\t\t<div class=\"pp-posts pp-posts-skin-classic elementor-grid pp-posts-grid\" data-query-type=\"custom\" data-layout=\"grid\" data-page=\"1939\" data-skin=\"classic\">\n\t\t\t\t\t\t\t\t\t\t\t<div class=\"pp-post-wrap pp-grid-item-wrap elementor-grid-item post-2216 post type-post status-publish format-standard hentry category-allgemein\">\n\t\t\t\t\t\t<div class=\"pp-post pp-grid-item\">\n\t\t\t\t\n\t\t\t\t\n\t\t\t\t<div class=\"pp-post-content-wrap\">\n\t\t\t\t\t<div class=\"pp-post-content\">\n\t\t\t\t\t\t\t\t<div class=\"pp-post-excerpt\">\n\t\t\t\t\t<div data-elementor-type=\"wp-post\" data-elementor-id=\"2216\" class=\"elementor elementor-2216\" data-elementor-settings=\"{&quot;ha_cmc_init_switcher&quot;:&quot;no&quot;}\">\n\t\t\t\t\t\t<section class=\"elementor-section elementor-top-section elementor-element elementor-element-8230aae elementor-section-boxed elementor-section-height-default elementor-section-height-default\" data-id=\"8230aae\" data-element_type=\"section\" data-e-type=\"section\">\n\t\t\t\t\t\t<div class=\"elementor-container elementor-column-gap-default\">\n\t\t\t\t\t<div class=\"elementor-column elementor-col-100 elementor-top-column elementor-element elementor-element-f06a0b7\" data-id=\"f06a0b7\" data-element_type=\"column\" data-e-type=\"column\">\n\t\t\t<div class=\"elementor-widget-wrap elementor-element-populated\">\n\t\t\t\t\t\t<div class=\"elementor-element elementor-element-ebce8e4 elementor-widget elementor-widget-video\" data-id=\"ebce8e4\" data-element_type=\"widget\" data-e-type=\"widget\" data-settings=\"{&quot;video_type&quot;:&quot;hosted&quot;,&quot;controls&quot;:&quot;yes&quot;}\" data-widget_type=\"video.default\">\n\t\t\t\t<div class=\"elementor-widget-container\">\n\t\t\t\t\t\t\t<div class=\"e-hosted-video elementor-wrapper elementor-open-inline\">\n\t\t\t\t\t<video class=\"elementor-video\" src=\"https:\/\/solamix.ch\/wp-content\/uploads\/2026\/01\/Sola_mix_smallish_h264-1.mp4\" controls=\"\" preload=\"metadata\"><\/video>\n\t\t\t\t<\/div>\n\t\t\t\t\t\t<\/div>\n\t\t\t\t<\/div>\n\t\t\t\t\t<\/div>\n\t\t<\/div>\n\t\t\t\t\t<\/div>\n\t\t<\/section>\n\t\t\t\t<\/div>\n\t\t\t\t<\/div>\n\t\t\t\t\t\t\t<\/div>\n\t\t\t\t\t\t\t\t\t<\/div>\n\n\t\t\t\t\t\t\t<\/div>\n\t\t\t\t\t<\/div>\n\t\t\t\t<div class=\"pp-post-wrap pp-grid-item-wrap elementor-grid-item post-1932 post type-post status-publish format-standard hentry category-allgemein\">\n\t\t\t\t\t\t<div class=\"pp-post pp-grid-item\">\n\t\t\t\t\n\t\t\t\t\n\t\t\t\t<div class=\"pp-post-content-wrap\">\n\t\t\t\t\t<div class=\"pp-post-content\">\n\t\t\t\t\t\t\t\t\t\t\t\t<h2 class=\"pp-post-title\">\n\t\t\t\tDes paniers remplis\nau rythme des saisons et de ce\nque la terre nous offre.\t\t\t<\/h2>\n\t\t\t\t\t<div class=\"pp-post-excerpt\">\n\t\t\t\t\t<div data-elementor-type=\"wp-post\" data-elementor-id=\"1932\" class=\"elementor elementor-1932\" data-elementor-settings=\"{&quot;ha_cmc_init_switcher&quot;:&quot;no&quot;}\">\n\t\t\t\t\t\t<section class=\"elementor-section elementor-top-section elementor-element elementor-element-14c7faba elementor-section-boxed elementor-section-height-default elementor-section-height-default\" data-id=\"14c7faba\" data-element_type=\"section\" data-e-type=\"section\">\n\t\t\t\t\t\t<div class=\"elementor-container elementor-column-gap-default\">\n\t\t\t\t\t<div class=\"elementor-column elementor-col-100 elementor-top-column elementor-element elementor-element-2e319b07\" data-id=\"2e319b07\" data-element_type=\"column\" data-e-type=\"column\">\n\t\t\t<div class=\"elementor-widget-wrap elementor-element-populated\">\n\t\t\t\t\t\t<div class=\"elementor-element elementor-element-59f9010d elementor-widget elementor-widget-text-editor\" data-id=\"59f9010d\" data-element_type=\"widget\" data-e-type=\"widget\" data-widget_type=\"text-editor.default\">\n\t\t\t\t<div class=\"elementor-widget-container\">\n\t\t\t\t\t\t\t\t\t\n<p>Les informations g\u00e9n\u00e9rales sur la coop\u00e9rative sol\u00b7ami\u00b7x, sur notre terrain \u00e0 Grassoffeltern, sur l'agriculture solidaire, et sur nos valeurs et notre vision sont \u00e0 trouver <em><a href=\"https:\/\/solamix.ch\/wp-content\/uploads\/2025\/07\/2025-07-08_Falblatt_neu_d.pdf\" data-type=\"link\" data-id=\"https:\/\/solamix.ch\/wp-content\/uploads\/2022\/11\/2022_10_14_ueber_uns_de.pdf\"><strong>ICI<\/strong><\/a><\/em>.<\/p>\n\n<p>Tu trouveras des informations d\u00e9taill\u00e9es par rapport \u00e0 la structure et au fonctionnement de la coop\u00e9rative sol\u00b7ami\u00b7x ainsi qu'\u00e0 ses finances - comment devenir membre et ce que cela signifie - dans le document <strong><em><a href=\"https:\/\/solamix.ch\/wp-content\/uploads\/2025\/03\/2025-03-01_Reglement_FR.pdf\" data-type=\"link\" data-id=\"https:\/\/solamix.ch\/wp-content\/uploads\/2025\/01\/2024-10-23_Reglement_DE.pdf\">R\u00e8glement<\/a><\/em>.<\/strong><\/p>\n\n<p>Pour tout le reste, et pour t'inscrire, tu peux nous \u00e9crire un email \u00e0 <a href=\"mailto:solamix@immerda.ch\"><strong>solamix@immerda.ch<\/strong><\/a>.<\/p>\n\n<p>\u00a0<\/p>\n\t\t\t\t\t\t\t\t<\/div>\n\t\t\t\t<\/div>\n\t\t\t\t\t<\/div>\n\t\t<\/div>\n\t\t\t\t\t<\/div>\n\t\t<\/section>\n\t\t\t\t<\/div>\n\t\t\t\t<\/div>\n\t\t\t\t\t\t\t<\/div>\n\t\t\t\t\t\t\t\t\t<\/div>\n\n\t\t\t\t\t\t\t<\/div>\n\t\t\t\t\t<\/div>\n\t\t\t\t<div class=\"pp-post-wrap pp-grid-item-wrap elementor-grid-item post-1936 post type-post status-publish format-standard hentry category-allgemein\">\n\t\t\t\t\t\t<div class=\"pp-post pp-grid-item\">\n\t\t\t\t\n\t\t\t\t\n\t\t\t\t<div class=\"pp-post-content-wrap\">\n\t\t\t\t\t<div class=\"pp-post-content\">\n\t\t\t\t\t\t\t\t\t\t\t\t<h2 class=\"pp-post-title\">\n\t\t\t\tInscris-toi pour une part de r\u00e9colte pour l'ann\u00e9e 2026!\t\t\t<\/h2>\n\t\t\t\t\t<div class=\"pp-post-excerpt\">\n\t\t\t\t\t<div data-elementor-type=\"wp-post\" data-elementor-id=\"1936\" class=\"elementor elementor-1936\" data-elementor-settings=\"{&quot;ha_cmc_init_switcher&quot;:&quot;no&quot;}\">\n\t\t\t\t\t\t<section class=\"elementor-section elementor-top-section elementor-element elementor-element-dc49ac5 elementor-section-boxed elementor-section-height-default elementor-section-height-default\" data-id=\"dc49ac5\" data-element_type=\"section\" data-e-type=\"section\">\n\t\t\t\t\t\t<div class=\"elementor-container elementor-column-gap-default\">\n\t\t\t\t\t<div class=\"elementor-column elementor-col-100 elementor-top-column elementor-element elementor-element-136e7344\" data-id=\"136e7344\" data-element_type=\"column\" data-e-type=\"column\">\n\t\t\t<div class=\"elementor-widget-wrap elementor-element-populated\">\n\t\t\t\t\t\t<div class=\"elementor-element elementor-element-2c3e4f21 elementor-widget elementor-widget-text-editor\" data-id=\"2c3e4f21\" data-element_type=\"widget\" data-e-type=\"widget\" data-widget_type=\"text-editor.default\">\n\t\t\t\t<div class=\"elementor-widget-container\">\n\t\t\t\t\t\t\t\t\t<figure class=\"wp-block-image size-large\"><img decoding=\"async\" width=\"768\" height=\"1024\" class=\"wp-image-1937\" src=\"https:\/\/solamix.ch\/wp-content\/uploads\/2025\/01\/2024-12-01-101303-768x1024.jpeg\" alt=\"\" srcset=\"https:\/\/solamix.ch\/wp-content\/uploads\/2025\/01\/2024-12-01-101303-768x1024.jpeg 768w, https:\/\/solamix.ch\/wp-content\/uploads\/2025\/01\/2024-12-01-101303-225x300.jpeg 225w, https:\/\/solamix.ch\/wp-content\/uploads\/2025\/01\/2024-12-01-101303-1152x1536.jpeg 1152w, https:\/\/solamix.ch\/wp-content\/uploads\/2025\/01\/2024-12-01-101303-9x12.jpeg 9w, https:\/\/solamix.ch\/wp-content\/uploads\/2025\/01\/2024-12-01-101303.jpeg 1536w\" sizes=\"(max-width: 768px) 100vw, 768px\" \/><\/figure>\n<p><!-- \/wp:post-content --><!-- wp:paragraph --><\/p>\n<p><span style=\"color: #ffffff\">Nos d\u00e9p\u00f4ts sont \u00e0 Berne, Bienne et Grossaffoltern.<\/span><\/p>\n<p><span style=\"color: #ffffff\"><!-- \/wp:paragraph --><!-- wp:paragraph --><\/span><\/p>\n<p><span style=\"color: #ffffff\">Int\u00e9ress\u00e9(e) ? Ici, tu peux t'inscrire pour une part de r\u00e9colte :\u00a0<a style=\"color: #ffffff\" href=\"https:\/\/solamix.ch\/fr\/membership\/\"><strong>formulaire d'inscription<\/strong><\/a><\/span><\/p>\n<p><span style=\"color: #ffffff\"><!-- \/wp:paragraph --><!-- wp:paragraph --><\/span><\/p>\n<p><span style=\"color: #ffffff\">Tu veux mettre en place un d\u00e9p\u00f4t dans ton quartier ? Contacte-nous : <a style=\"color: #ffffff\" href=\"mailto:solamix@immerda.ch\"><strong>solamix@immerda.ch<\/strong><\/a><\/span><\/p>\n<p><!-- \/wp:paragraph --><\/p>\t\t\t\t\t\t\t\t<\/div>\n\t\t\t\t<\/div>\n\t\t\t\t\t<\/div>\n\t\t<\/div>\n\t\t\t\t\t<\/div>\n\t\t<\/section>\n\t\t\t\t<\/div>\n\t\t\t\t<\/div>\n\t\t\t\t\t\t\t<\/div>\n\t\t\t\t\t\t\t\t\t<\/div>\n\n\t\t\t\t\t\t\t<\/div>\n\t\t\t\t\t<\/div>\n\t\t\t\t<div class=\"pp-post-wrap pp-grid-item-wrap elementor-grid-item post-1934 post type-post status-publish format-standard hentry category-allgemein\">\n\t\t\t\t\t\t<div class=\"pp-post pp-grid-item\">\n\t\t\t\t\n\t\t\t\t\n\t\t\t\t<div class=\"pp-post-content-wrap\">\n\t\t\t\t\t<div class=\"pp-post-content\">\n\t\t\t\t\t\t\t\t\t\t\t\t<h2 class=\"pp-post-title\">\n\t\t\t\tNe pas rater: F\u00eate des champs le 13\u00a0Septembre 2025!\t\t\t<\/h2>\n\t\t\t\t\t<div class=\"pp-post-excerpt\">\n\t\t\t\n<p><strong>En transport public:\u00a0bus jusqu'\u00e0 l'arr\u00eat \"Vorimholz Wysserain\", puis 3 minutes \u00e0 pied.<\/strong><\/p>\n\n\n\n<figure class=\"wp-block-image size-full is-resized\"><img loading=\"lazy\" decoding=\"async\" width=\"927\" height=\"659\" src=\"https:\/\/solamix.ch\/wp-content\/uploads\/2025\/09\/ackerfest_fr.jpeg\" alt=\"\" class=\"wp-image-2184\" style=\"width:699px;height:auto\" srcset=\"https:\/\/solamix.ch\/wp-content\/uploads\/2025\/09\/ackerfest_fr.jpeg 924w, https:\/\/solamix.ch\/wp-content\/uploads\/2025\/09\/ackerfest_fr-300x214.jpeg 300w, https:\/\/solamix.ch\/wp-content\/uploads\/2025\/09\/ackerfest_fr-768x547.jpeg 768w, https:\/\/solamix.ch\/wp-content\/uploads\/2025\/09\/ackerfest_fr-18x12.jpeg 18w\" sizes=\"auto, (max-width: 927px) 100vw, 927px\" \/><\/figure>\n\n\n\n<figure class=\"wp-block-image size-large is-resized\"><img loading=\"lazy\" decoding=\"async\" width=\"1024\" height=\"728\" src=\"https:\/\/solamix.ch\/wp-content\/uploads\/2025\/01\/ackerfest_img-1024x728.jpeg\" alt=\"\" class=\"wp-image-2182\" style=\"width:721px;height:auto\" srcset=\"https:\/\/solamix.ch\/wp-content\/uploads\/2025\/01\/ackerfest_img-1024x728.jpeg 1024w, https:\/\/solamix.ch\/wp-content\/uploads\/2025\/01\/ackerfest_img-300x213.jpeg 300w, https:\/\/solamix.ch\/wp-content\/uploads\/2025\/01\/ackerfest_img-768x546.jpeg 768w, https:\/\/solamix.ch\/wp-content\/uploads\/2025\/01\/ackerfest_img-18x12.jpeg 18w, https:\/\/solamix.ch\/wp-content\/uploads\/2025\/01\/ackerfest_img.jpeg 1157w\" sizes=\"auto, (max-width: 1024px) 100vw, 1024px\" \/><\/figure>\n\n\n\n<p><\/p>\n\t\t<\/div>\n\t\t\t\t\t\t\t<\/div>\n\t\t\t\t\t\t\t\t\t<\/div>\n\n\t\t\t\t\t\t\t<\/div>\n\t\t\t\t\t<\/div>\n\t\t\t\t\t\t\t\t\t<\/div>\n\t\t\t\n\t\t\t\n\t\t\t\n\t\t\t\n\t\t\t\t\t\t\t\t\t\t\t\t<\/div>\n\n\t\t\n\t\t\t\t\t\t<\/div>\n\t\t\t\t<\/div>\n\t\t\t\t\t<\/div>\n\t\t<\/div>\n\t\t\t\t\t<\/div>\n\t\t<\/section>\n\t\t\t\t\t<\/div>\n\t\t<\/div>\n\t\t\t\t\t<\/div>\n\t\t<\/section>\n\t\t\t\t<footer class=\"elementor-section elementor-top-section elementor-element elementor-element-0415b83 elementor-section-boxed elementor-section-height-default elementor-section-height-default\" data-id=\"0415b83\" data-element_type=\"section\" data-e-type=\"section\" data-settings=\"{&quot;background_background&quot;:&quot;classic&quot;}\">\n\t\t\t\t\t\t<div class=\"elementor-container elementor-column-gap-no\">\n\t\t\t\t\t<div class=\"elementor-column elementor-col-100 elementor-top-column elementor-element elementor-element-abefdf2\" data-id=\"abefdf2\" data-element_type=\"column\" data-e-type=\"column\">\n\t\t\t<div class=\"elementor-widget-wrap elementor-element-populated\">\n\t\t\t\t\t\t<section class=\"elementor-section elementor-inner-section elementor-element elementor-element-c887f2e elementor-section-boxed elementor-section-height-default elementor-section-height-default\" data-id=\"c887f2e\" data-element_type=\"section\" data-e-type=\"section\">\n\t\t\t\t\t\t<div class=\"elementor-container elementor-column-gap-default\">\n\t\t\t\t\t<div class=\"elementor-column elementor-col-33 elementor-inner-column elementor-element elementor-element-21da1b8\" data-id=\"21da1b8\" data-element_type=\"column\" data-e-type=\"column\">\n\t\t\t<div class=\"elementor-widget-wrap elementor-element-populated\">\n\t\t\t\t\t\t<div class=\"elementor-element elementor-element-f119f88 elementor-widget elementor-widget-text-editor\" data-id=\"f119f88\" data-element_type=\"widget\" data-e-type=\"widget\" data-widget_type=\"text-editor.default\">\n\t\t\t\t<div class=\"elementor-widget-container\">\n\t\t\t\t\t\t\t\t\t<p><span style=\"color: #c2c2c2;\"><strong>Association coop\u00e9rative sol\u00b7ami\u00b7x<br \/><\/strong><\/span>Wysserain 7<br \/>3257 Grossaffoltern<\/p><p><strong><a href=\"mailto:solamix@immerda.ch\">solamix@immerda.ch<\/a><\/strong><\/p>\t\t\t\t\t\t\t\t<\/div>\n\t\t\t\t<\/div>\n\t\t\t\t\t<\/div>\n\t\t<\/div>\n\t\t\t\t<div class=\"elementor-column elementor-col-33 elementor-inner-column elementor-element elementor-element-9b9a7be col-center-left\" data-id=\"9b9a7be\" data-element_type=\"column\" data-e-type=\"column\">\n\t\t\t<div class=\"elementor-widget-wrap elementor-element-populated\">\n\t\t\t\t\t\t<div class=\"elementor-element elementor-element-ea05aa6 elementor-widget elementor-widget-text-editor\" data-id=\"ea05aa6\" data-element_type=\"widget\" data-e-type=\"widget\" data-widget_type=\"text-editor.default\">\n\t\t\t\t<div class=\"elementor-widget-container\">\n\t\t\t\t\t\t\t\t\t<p><span style=\"color: #c2c2c2;\"><strong>Donn\u00e9es bancaires<br \/><\/strong><\/span>Banque alternative suisse<br \/>BIC (SWIFT-Code): ABSOCH22<\/p><p>CH29 0839 0039 1971 1000 3<\/p>\t\t\t\t\t\t\t\t<\/div>\n\t\t\t\t<\/div>\n\t\t\t\t\t<\/div>\n\t\t<\/div>\n\t\t\t\t<div class=\"elementor-column elementor-col-33 elementor-inner-column elementor-element elementor-element-3890d17\" data-id=\"3890d17\" data-element_type=\"column\" data-e-type=\"column\">\n\t\t\t<div class=\"elementor-widget-wrap elementor-element-populated\">\n\t\t\t\t\t\t<div class=\"elementor-element elementor-element-5801911 elementor-widget elementor-widget-image\" data-id=\"5801911\" data-element_type=\"widget\" data-e-type=\"widget\" data-widget_type=\"image.default\">\n\t\t\t\t<div class=\"elementor-widget-container\">\n\t\t\t\t\t\t\t\t\t\t\t\t\t\t\t<img loading=\"lazy\" decoding=\"async\" width=\"300\" height=\"300\" src=\"https:\/\/solamix.ch\/wp-content\/uploads\/2022\/08\/logo_trans-300x300.png\" class=\"attachment-medium size-medium wp-image-22\" alt=\"\" srcset=\"https:\/\/solamix.ch\/wp-content\/uploads\/2022\/08\/logo_trans-300x300.png 300w, https:\/\/solamix.ch\/wp-content\/uploads\/2022\/08\/elementor\/thumbs\/logo_trans-pu2jb61dmki9orurg4znhyu652mua2wkryl0fjnxb0.png 150w, https:\/\/solamix.ch\/wp-content\/uploads\/2022\/08\/elementor\/thumbs\/logo_trans-pu2jb61ceppu2rp1184hdvzt3qf7mbouw5zua56p9w.png 50w, https:\/\/solamix.ch\/wp-content\/uploads\/2022\/08\/elementor\/thumbs\/logo_trans-pu2jb61d0n41vrrw8ok2fxezmej0y7apu2afcufbag.png 100w, https:\/\/solamix.ch\/wp-content\/uploads\/2022\/08\/logo_trans.png 621w\" sizes=\"(max-width: 300px) 100vw, 300px\" \/>\t\t\t\t\t\t\t\t\t\t\t\t\t\t\t<\/div>\n\t\t\t\t<\/div>\n\t\t\t\t\t<\/div>\n\t\t<\/div>\n\t\t\t\t\t<\/div>\n\t\t<\/section>\n\t\t\t\t<div class=\"elementor-element elementor-element-2e4d3ca elementor-widget elementor-widget-text-editor\" data-id=\"2e4d3ca\" data-element_type=\"widget\" data-e-type=\"widget\" data-widget_type=\"text-editor.default\">\n\t\t\t\t<div class=\"elementor-widget-container\">\n\t\t\t\t\t\t\t\t\t<p><strong>Copyright \u00a9 2025 <a style=\"text-decoration: none;\" href=\"https:\/\/solamix.ch\/fr\/\">Association coop\u00e9rative sol\u00b7ami\u00b7x <\/a>| <a style=\"text-decoration: none;\" href=\"https:\/\/solamix.ch\/wp-admin\">Login<\/a> | <a style=\"text-decoration: none;\" href=\"https:\/\/solamix.ch\/fr\/impressum\/\">Impressum<\/a> | <a style=\"text-decoration: none;\" href=\"https:\/\/solamix.ch\/fr\/datenschutzerklaerung\/\">Protection des donn\u00e9es<\/a><\/strong><\/p>\t\t\t\t\t\t\t\t<\/div>\n\t\t\t\t<\/div>\n\t\t\t\t\t<\/div>\n\t\t<\/div>\n\t\t\t\t\t<\/div>\n\t\t<\/footer>\n\t\t\t\t<section class=\"elementor-section elementor-top-section elementor-element elementor-element-577feed elementor-section-boxed elementor-section-height-default elementor-section-height-default\" data-id=\"577feed\" data-element_type=\"section\" data-e-type=\"section\">\n\t\t\t\t\t\t<div class=\"elementor-container elementor-column-gap-default\">\n\t\t\t\t\t<div class=\"elementor-column elementor-col-100 elementor-top-column elementor-element elementor-element-8b29b07\" data-id=\"8b29b07\" data-element_type=\"column\" data-e-type=\"column\">\n\t\t\t<div class=\"elementor-widget-wrap\">\n\t\t\t\t\t\t\t<\/div>\n\t\t<\/div>\n\t\t\t\t\t<\/div>\n\t\t<\/section>\n\t\t\t\t<\/div>","protected":false},"excerpt":{"rendered":"<p>\u201eDas wo wachst, soviu wi chunnt und denn wo\u00b4s da isch\u201c Allgemeine Infos zur kooperative sol\u00b7ami\u00b7x, zum Acker in Grossaffoltern,\u00a0zu solidarischer Landwirtschaft (Solawi) und zu unseren Werten &amp;\u00a0Visionen findest du HIER. Detaillierte Infos zu Struktur und Funktionsweise sowie Finanzen des\u00a0Vereins kooperative sol\u00b7ami\u00b7x, wie du Mitglied werden kannst und was das\u00a0bedeutet findest du im Reglement. F\u00fcr [&hellip;]<\/p>\n","protected":false},"author":1,"featured_media":0,"parent":0,"menu_order":0,"comment_status":"closed","ping_status":"closed","template":"","meta":{"footnotes":""},"class_list":["post-1939","page","type-page","status-publish","hentry"],"_links":{"self":[{"href":"https:\/\/solamix.ch\/fr\/wp-json\/wp\/v2\/pages\/1939","targetHints":{"allow":["GET"]}}],"collection":[{"href":"https:\/\/solamix.ch\/fr\/wp-json\/wp\/v2\/pages"}],"about":[{"href":"https:\/\/solamix.ch\/fr\/wp-json\/wp\/v2\/types\/page"}],"author":[{"embeddable":true,"href":"https:\/\/solamix.ch\/fr\/wp-json\/wp\/v2\/users\/1"}],"replies":[{"embeddable":true,"href":"https:\/\/solamix.ch\/fr\/wp-json\/wp\/v2\/comments?post=1939"}],"version-history":[{"count":26,"href":"https:\/\/solamix.ch\/fr\/wp-json\/wp\/v2\/pages\/1939\/revisions"}],"predecessor-version":[{"id":2197,"href":"https:\/\/solamix.ch\/fr\/wp-json\/wp\/v2\/pages\/1939\/revisions\/2197"}],"wp:attachment":[{"href":"https:\/\/solamix.ch\/fr\/wp-json\/wp\/v2\/media?parent=1939"}],"curies":[{"name":"wp","href":"https:\/\/api.w.org\/{rel}","templated":true}]}}