{"id":2166,"date":"2025-07-09T08:25:42","date_gmt":"2025-07-09T06:25:42","guid":{"rendered":"https:\/\/solamix.ch\/?page_id=2166"},"modified":"2025-07-09T08:32:56","modified_gmt":"2025-07-09T06:32:56","slug":"antifa","status":"publish","type":"page","link":"https:\/\/solamix.ch\/de\/antifa\/","title":{"rendered":"Positionierung gegen Rechts"},"content":{"rendered":"\t\t<div data-elementor-type=\"wp-page\" data-elementor-id=\"2166\" class=\"elementor elementor-2166\" data-elementor-settings=\"{&quot;ha_cmc_init_switcher&quot;:&quot;no&quot;}\">\n\t\t\t\t\t\t<header class=\"elementor-section elementor-top-section elementor-element elementor-element-d21c66c elementor-section-full_width custom-sidebar elementor-section-height-default elementor-section-height-default\" data-id=\"d21c66c\" data-element_type=\"section\" data-e-type=\"section\" data-settings=\"{&quot;background_background&quot;:&quot;classic&quot;}\">\n\t\t\t\t\t\t<div class=\"elementor-container elementor-column-gap-no\">\n\t\t\t\t\t<div class=\"elementor-column elementor-col-100 elementor-top-column elementor-element elementor-element-0a5f28a\" data-id=\"0a5f28a\" data-element_type=\"column\" data-e-type=\"column\">\n\t\t\t<div class=\"elementor-widget-wrap elementor-element-populated\">\n\t\t\t\t\t\t<div class=\"elementor-element elementor-element-8ec8a7b sidebar-container elementor-widget elementor-widget-sidebar\" data-id=\"8ec8a7b\" data-element_type=\"widget\" data-e-type=\"widget\" data-widget_type=\"sidebar.default\">\n\t\t\t\t<div class=\"elementor-widget-container\">\n\t\t\t\t\t<div>\n<figure class=\"wp-block-image size-medium is-resized is-style-default sidebar-logo\"><a href=\"https:\/\/solamix.ch\/\"><img fetchpriority=\"high\" decoding=\"async\" fetchpriority=\"high\" width=\"300\" height=\"300\" src=\"https:\/\/solamix.ch\/wp-content\/uploads\/2023\/08\/Logo_bw-300x300.png\" alt=\"\" class=\"wp-image-1347\" style=\"object-fit:contain;width:70px;height:70px\" srcset=\"https:\/\/solamix.ch\/wp-content\/uploads\/2023\/08\/Logo_bw-300x300.png 300w, https:\/\/solamix.ch\/wp-content\/uploads\/2023\/08\/Logo_bw-150x150.png 150w, https:\/\/solamix.ch\/wp-content\/uploads\/2023\/08\/Logo_bw-768x768.png 768w, https:\/\/solamix.ch\/wp-content\/uploads\/2023\/08\/Logo_bw-12x12.png 12w, https:\/\/solamix.ch\/wp-content\/uploads\/2023\/08\/Logo_bw.png 915w\" sizes=\"(max-width: 300px) 100vw, 300px\" \/><\/a><\/figure>\n<\/div><div>\n<figure class=\"wp-block-image size-large is-resized is-style-default sidebar-logo sidebar-logo-large\"><a href=\"https:\/\/solamix.ch\/\"><img decoding=\"async\" width=\"1024\" height=\"275\" src=\"https:\/\/solamix.ch\/wp-content\/uploads\/2022\/10\/front_logo_de_tmp-1024x275.png\" alt=\"\" class=\"wp-image-259\" style=\"width:undefinedpx;height:70px\" srcset=\"https:\/\/solamix.ch\/wp-content\/uploads\/2022\/10\/front_logo_de_tmp-1024x275.png 1024w, https:\/\/solamix.ch\/wp-content\/uploads\/2022\/10\/front_logo_de_tmp-300x81.png 300w, https:\/\/solamix.ch\/wp-content\/uploads\/2022\/10\/front_logo_de_tmp-768x206.png 768w, https:\/\/solamix.ch\/wp-content\/uploads\/2022\/10\/front_logo_de_tmp-1536x413.png 1536w, https:\/\/solamix.ch\/wp-content\/uploads\/2022\/10\/front_logo_de_tmp-2048x551.png 2048w, https:\/\/solamix.ch\/wp-content\/uploads\/2022\/10\/front_logo_de_tmp-18x5.png 18w\" sizes=\"(max-width: 1024px) 100vw, 1024px\" \/><\/a><\/figure>\n<\/div><div><ul class=\"side-nav\">\n<li class=\"side-nav-item\">\n<a class=\"side-nav-link\" href=\"\/\">\n<i class=\"fas fa-home fa-fw\"><\/i>\n<span><strong>Home<\/strong><\/span>\n<\/a>\n<\/li>\n<li class=\"side-nav-item\">\n<a class=\"side-nav-link\" href=\"\/membership\">\n<i class=\"fas fa-user fa-fw\"><\/i>\n<span><strong>Mitgliedschaft<\/strong><\/span>\n<\/a>\n<\/li>\n<li class=\"side-nav-item\">\n<a class=\"side-nav-link\" href=\"\/pictures\">\n<i class=\"fas fa-camera fa-fw\"><\/i>\n<span><strong>Bilder<\/strong><\/span>\n<\/a>\n<\/li>\n<li class=\"side-nav-item\">\n<a class=\"side-nav-link\" href=\"\/about\">\n<i class=\"fas fa-users fa-fw\"><\/i>\n<span><strong>\u00dcber uns<\/strong><\/span>\n<\/a>\n<\/li>\n<li class=\"side-nav-item\" style=\"margin-top:-30px; margin-bottom:-24px; padding-bottom:0;\">\n<a class=\"side-nav-link\" href=\"\/antifa\">\n<i class=\"fas fa-users fa-fw\" style=\" opacity:0;\"><\/i>\n<span style=\"margin-left:1em;\">Gegen Rechts<\/span>\n<\/a>\n<\/li>\n<li class=\"side-nav-item\">\n<a class=\"side-nav-link\" href=\"\/faq\">\n<i class=\"fas fa-question-circle\" style=\"width:20px;\"><\/i>\n<span><strong>FAQ<\/strong><\/span>\n<\/a>\n<\/li>\n<\/ul><\/div><div><ul class=\"side-nav social\">\n<li class=\"side-nav-item social\">\n<a class=\"side-nav-link social\" href=\"https:\/\/www.instagram.com\/sol_ami_x\/\">\n<i class=\"fab fa-instagram fa-lg\"><\/i>\n<span><strong>@sol_ami_x<\/strong><\/span>\n<\/a>\n<\/li>\n<\/ul><\/div>\t\t\t\t<\/div>\n\t\t\t\t<\/div>\n\t\t\t\t\t<\/div>\n\t\t<\/div>\n\t\t\t\t\t<\/div>\n\t\t<\/header>\n\t\t\t\t<header class=\"elementor-section elementor-top-section elementor-element elementor-element-347c3e2 elementor-section-height-min-height custom-topbar elementor-section-boxed elementor-section-height-default elementor-section-items-middle\" data-id=\"347c3e2\" data-element_type=\"section\" data-e-type=\"section\" data-settings=\"{&quot;background_background&quot;:&quot;classic&quot;}\">\n\t\t\t\t\t\t<div class=\"elementor-container elementor-column-gap-default\">\n\t\t\t\t\t<div class=\"elementor-column elementor-col-66 elementor-top-column elementor-element elementor-element-7270dae\" data-id=\"7270dae\" data-element_type=\"column\" data-e-type=\"column\" data-settings=\"{&quot;background_background&quot;:&quot;classic&quot;}\">\n\t\t\t<div class=\"elementor-widget-wrap\">\n\t\t\t\t\t\t\t<\/div>\n\t\t<\/div>\n\t\t\t\t<div class=\"elementor-column elementor-col-33 elementor-top-column elementor-element elementor-element-11aa3cd\" data-id=\"11aa3cd\" data-element_type=\"column\" data-e-type=\"column\">\n\t\t\t<div class=\"elementor-widget-wrap elementor-element-populated\">\n\t\t\t\t\t\t<div class=\"elementor-element elementor-element-7dd2fad elementor-widget__width-auto elementor-widget elementor-widget-shortcode\" data-id=\"7dd2fad\" data-element_type=\"widget\" data-e-type=\"widget\" data-widget_type=\"shortcode.default\">\n\t\t\t\t<div class=\"elementor-widget-container\">\n\t\t\t\t\t\t\t<div class=\"elementor-shortcode\"><div class='trp-language-switcher-custom-container' data-no-translation><span class='trp-language-switcher-item trp-language-switcher-item-current'><a href='https:\/\/solamix.ch\/de\/wp-json\/wp\/v2\/pages\/2166'><strong>DE<\/strong><\/a><\/span><span class='trp-language-switcher-item trp-language-switcher-item-current'><a href='https:\/\/solamix.ch\/de\/wp-json\/wp\/v2\/pages\/2166'><strong>FR<\/strong><\/a><\/span><\/div><\/div>\n\t\t\t\t\t\t<\/div>\n\t\t\t\t<\/div>\n\t\t\t\t\t<\/div>\n\t\t<\/div>\n\t\t\t\t\t<\/div>\n\t\t<\/header>\n\t\t\t\t<section class=\"elementor-section elementor-top-section elementor-element elementor-element-8b4f747 main-content elementor-section-boxed elementor-section-height-default elementor-section-height-default\" data-id=\"8b4f747\" data-element_type=\"section\" data-e-type=\"section\" data-settings=\"{&quot;background_background&quot;:&quot;classic&quot;}\">\n\t\t\t\t\t\t<div class=\"elementor-container elementor-column-gap-default\">\n\t\t\t\t\t<div class=\"elementor-column elementor-col-100 elementor-top-column elementor-element elementor-element-4560460\" data-id=\"4560460\" data-element_type=\"column\" data-e-type=\"column\">\n\t\t\t<div class=\"elementor-widget-wrap elementor-element-populated\">\n\t\t\t\t\t\t<div class=\"elementor-element elementor-element-06b6c9b elementor-widget elementor-widget-heading\" data-id=\"06b6c9b\" data-element_type=\"widget\" data-e-type=\"widget\" data-widget_type=\"heading.default\">\n\t\t\t\t<div class=\"elementor-widget-container\">\n\t\t\t\t\t<h2 class=\"elementor-heading-title elementor-size-default\">Positionierung gegen Rechts<\/h2>\t\t\t\t<\/div>\n\t\t\t\t<\/div>\n\t\t\t\t<div class=\"elementor-element elementor-element-c5a98b3 elementor-widget elementor-widget-text-editor\" data-id=\"c5a98b3\" data-element_type=\"widget\" data-e-type=\"widget\" data-widget_type=\"text-editor.default\">\n\t\t\t\t<div class=\"elementor-widget-container\">\n\t\t\t\t\t\t\t\t\t<h4><span style=\"color: #ffffff;\">Ein Ort f\u00fcr Respekt und Toleranz<\/span><\/h4><p><span style=\"color: #ffffff;\">Wir m\u00f6chten einen offenen Raum schaffen, in dem allen Menschen mit Respekt und Toleranz begegnet wird. Diskriminierung jeglicher Art hat bei uns keinen Platz \u2013 weder Rassismus, Antisemitismus, Sexismus, Homophobie noch andere menschenverachtende Ansichten. <\/span><\/p><p><span style=\"color: #ffffff;\">Auch von subtileren, nicht offen ausgesprochenen rechten Tendenzen distanzieren wir uns klar. Solche Str\u00f6mungen, die zunehmend in antikapitalistischen oder \u00f6kologischen Bewegungen (z. B. Solawi- oder Permakulturbewegungen) versuchen Fu\u00df zu fassen, sind uns ein Dorn im Auge. Sie werden oft als \u00f6kofaschistische Tendenzen bezeichnet und basieren auf v\u00f6lkischen, nationalistischen und verschw\u00f6rungstheoretischen Weltbildern, die ein gutes Leben nur f\u00fcr ausgew\u00e4hlte Teile der Gesellschaft vorsehen.<\/span><\/p><h4><span style=\"color: #ffffff;\">F\u00fcr ein gutes Leben f\u00fcr alle<\/span><\/h4><p><span style=\"color: #ffffff;\">Wir streben ein gutes Leben f\u00fcr alle an \u2013 nicht nur f\u00fcr uns selbst. Dabei sind wir uns unserer privilegierten Situation bewusst, ein solches Leben f\u00fchren zu k\u00f6nnen. Daher m\u00f6chten wir R\u00e4ume schaffen, um \u00fcber Zug\u00e4nglichkeit f\u00fcr Menschen unterschiedlicher Hintergr\u00fcnde und \u00fcber die Auseinandersetzung mit eigenen Rassismen zu diskutieren und bestehende Barrieren sowie rassistische Denkmuster aufzul\u00f6sen. <\/span><\/p><p><span style=\"color: #ffffff;\">Wir erkennen an, dass Fehler menschlich sind \u2013 bei uns wie bei allen anderen. Deshalb w\u00fcnschen wir uns einen wohlwollenden Umgang mit diesen, um gemeinsam zu lernen und zu wachsen.<\/span><\/p><h4><span style=\"color: #ffffff;\">Solidarit\u00e4t und globaler Widerstand<\/span><\/h4><p><span style=\"color: #ffffff;\">Wir sehen uns als Teil der globalen Widerstandsbewegung f\u00fcr eine sozialvertr\u00e4gliche und nachhaltige Landwirtschaft. Unsere Solidarit\u00e4t gilt den kleinb\u00e4uerlichen K\u00e4mpfen weltweit sowie all jenen, die durch Landraub oder den Verlust ihrer Lebensgrundlagen gezwungen wurden, ihre Heimat zu verlassen. <\/span><\/p><p><span style=\"color: #ffffff;\">Gemeinsam m\u00f6chten wir zu einer gerechteren und nachhaltigeren Welt beitragen.<\/span><\/p>\t\t\t\t\t\t\t\t<\/div>\n\t\t\t\t<\/div>\n\t\t\t\t\t<\/div>\n\t\t<\/div>\n\t\t\t\t\t<\/div>\n\t\t<\/section>\n\t\t\t\t<footer class=\"elementor-section elementor-top-section elementor-element elementor-element-0415b83 elementor-section-boxed elementor-section-height-default elementor-section-height-default\" data-id=\"0415b83\" data-element_type=\"section\" data-e-type=\"section\" data-settings=\"{&quot;background_background&quot;:&quot;classic&quot;}\">\n\t\t\t\t\t\t<div class=\"elementor-container elementor-column-gap-no\">\n\t\t\t\t\t<div class=\"elementor-column elementor-col-100 elementor-top-column elementor-element elementor-element-abefdf2\" data-id=\"abefdf2\" data-element_type=\"column\" data-e-type=\"column\">\n\t\t\t<div class=\"elementor-widget-wrap elementor-element-populated\">\n\t\t\t\t\t\t<section class=\"elementor-section elementor-inner-section elementor-element elementor-element-c887f2e elementor-section-boxed elementor-section-height-default elementor-section-height-default\" data-id=\"c887f2e\" data-element_type=\"section\" data-e-type=\"section\">\n\t\t\t\t\t\t<div class=\"elementor-container elementor-column-gap-default\">\n\t\t\t\t\t<div class=\"elementor-column elementor-col-33 elementor-inner-column elementor-element elementor-element-21da1b8\" data-id=\"21da1b8\" data-element_type=\"column\" data-e-type=\"column\">\n\t\t\t<div class=\"elementor-widget-wrap elementor-element-populated\">\n\t\t\t\t\t\t<div class=\"elementor-element elementor-element-f119f88 elementor-widget elementor-widget-text-editor\" data-id=\"f119f88\" data-element_type=\"widget\" data-e-type=\"widget\" data-widget_type=\"text-editor.default\">\n\t\t\t\t<div class=\"elementor-widget-container\">\n\t\t\t\t\t\t\t\t\t<p><span style=\"color: #c2c2c2;\"><strong>Verein kooperative sol\u00b7ami\u00b7x<\/strong><\/span><br \/>Wysserain 7<br \/>3257 Grossaffoltern<\/p><p><strong><a href=\"mailto:solamix@immerda.ch\">solamix@immerda.ch<\/a><\/strong><\/p>\t\t\t\t\t\t\t\t<\/div>\n\t\t\t\t<\/div>\n\t\t\t\t\t<\/div>\n\t\t<\/div>\n\t\t\t\t<div class=\"elementor-column elementor-col-33 elementor-inner-column elementor-element elementor-element-9b9a7be col-center-left\" data-id=\"9b9a7be\" data-element_type=\"column\" data-e-type=\"column\">\n\t\t\t<div class=\"elementor-widget-wrap elementor-element-populated\">\n\t\t\t\t\t\t<div class=\"elementor-element elementor-element-ea05aa6 elementor-widget elementor-widget-text-editor\" data-id=\"ea05aa6\" data-element_type=\"widget\" data-e-type=\"widget\" data-widget_type=\"text-editor.default\">\n\t\t\t\t<div class=\"elementor-widget-container\">\n\t\t\t\t\t\t\t\t\t<p><span style=\"color: #c2c2c2;\"><strong>Kontodaten<\/strong><\/span><br \/>Alternative Bank Schweiz<br \/>BIC (SWIFT-Code): ABSOCH22<\/p><p>CH29 0839 0039 1971 1000 3<\/p>\t\t\t\t\t\t\t\t<\/div>\n\t\t\t\t<\/div>\n\t\t\t\t\t<\/div>\n\t\t<\/div>\n\t\t\t\t<div class=\"elementor-column elementor-col-33 elementor-inner-column elementor-element elementor-element-3890d17\" data-id=\"3890d17\" data-element_type=\"column\" data-e-type=\"column\">\n\t\t\t<div class=\"elementor-widget-wrap elementor-element-populated\">\n\t\t\t\t\t\t<div class=\"elementor-element elementor-element-5801911 elementor-widget elementor-widget-image\" data-id=\"5801911\" data-element_type=\"widget\" data-e-type=\"widget\" data-widget_type=\"image.default\">\n\t\t\t\t<div class=\"elementor-widget-container\">\n\t\t\t\t\t\t\t\t\t\t\t\t\t\t\t<img loading=\"lazy\" decoding=\"async\" width=\"300\" height=\"300\" src=\"https:\/\/solamix.ch\/wp-content\/uploads\/2022\/08\/logo_trans-300x300.png\" class=\"attachment-medium size-medium wp-image-22\" alt=\"\" srcset=\"https:\/\/solamix.ch\/wp-content\/uploads\/2022\/08\/logo_trans-300x300.png 300w, https:\/\/solamix.ch\/wp-content\/uploads\/2022\/08\/elementor\/thumbs\/logo_trans-pu2jb61dmki9orurg4znhyu652mua2wkryl0fjnxb0.png 150w, https:\/\/solamix.ch\/wp-content\/uploads\/2022\/08\/elementor\/thumbs\/logo_trans-pu2jb61ceppu2rp1184hdvzt3qf7mbouw5zua56p9w.png 50w, https:\/\/solamix.ch\/wp-content\/uploads\/2022\/08\/elementor\/thumbs\/logo_trans-pu2jb61d0n41vrrw8ok2fxezmej0y7apu2afcufbag.png 100w, https:\/\/solamix.ch\/wp-content\/uploads\/2022\/08\/logo_trans.png 621w\" sizes=\"(max-width: 300px) 100vw, 300px\" \/>\t\t\t\t\t\t\t\t\t\t\t\t\t\t\t<\/div>\n\t\t\t\t<\/div>\n\t\t\t\t\t<\/div>\n\t\t<\/div>\n\t\t\t\t\t<\/div>\n\t\t<\/section>\n\t\t\t\t<div class=\"elementor-element elementor-element-2e4d3ca elementor-widget elementor-widget-text-editor\" data-id=\"2e4d3ca\" data-element_type=\"widget\" data-e-type=\"widget\" data-widget_type=\"text-editor.default\">\n\t\t\t\t<div class=\"elementor-widget-container\">\n\t\t\t\t\t\t\t\t\t<p><strong>Copyright \u00a9 2025 <a style=\"text-decoration: none;\" href=\"https:\/\/solamix.ch\/\">kooperative sol\u00b7ami\u00b7x <\/a>| <a style=\"text-decoration: none;\" href=\"https:\/\/solamix.ch\/wp-admin\">Login<\/a> | <a style=\"text-decoration: none;\" href=\"https:\/\/solamix.ch\/impressum\">Impressum<\/a> | <a style=\"text-decoration: none;\" href=\"https:\/\/solamix.ch\/datenschutzerklaerung\/\">Datenschutzerkl\u00e4rung<\/a><\/strong><\/p>\t\t\t\t\t\t\t\t<\/div>\n\t\t\t\t<\/div>\n\t\t\t\t\t<\/div>\n\t\t<\/div>\n\t\t\t\t\t<\/div>\n\t\t<\/footer>\n\t\t\t\t<\/div>\n\t\t","protected":false},"excerpt":{"rendered":"<p>Positionierung gegen Rechts Ein Ort f\u00fcr Respekt und Toleranz Wir m\u00f6chten einen offenen Raum schaffen, in dem allen Menschen mit Respekt und Toleranz begegnet wird. Diskriminierung jeglicher Art hat bei uns keinen Platz \u2013 weder Rassismus, Antisemitismus, Sexismus, Homophobie noch andere menschenverachtende Ansichten. Auch von subtileren, nicht offen ausgesprochenen rechten Tendenzen distanzieren wir uns klar. [&hellip;]<\/p>\n","protected":false},"author":2,"featured_media":0,"parent":0,"menu_order":0,"comment_status":"closed","ping_status":"closed","template":"","meta":{"footnotes":""},"class_list":["post-2166","page","type-page","status-publish","hentry"],"_links":{"self":[{"href":"https:\/\/solamix.ch\/de\/wp-json\/wp\/v2\/pages\/2166","targetHints":{"allow":["GET"]}}],"collection":[{"href":"https:\/\/solamix.ch\/de\/wp-json\/wp\/v2\/pages"}],"about":[{"href":"https:\/\/solamix.ch\/de\/wp-json\/wp\/v2\/types\/page"}],"author":[{"embeddable":true,"href":"https:\/\/solamix.ch\/de\/wp-json\/wp\/v2\/users\/2"}],"replies":[{"embeddable":true,"href":"https:\/\/solamix.ch\/de\/wp-json\/wp\/v2\/comments?post=2166"}],"version-history":[{"count":5,"href":"https:\/\/solamix.ch\/de\/wp-json\/wp\/v2\/pages\/2166\/revisions"}],"predecessor-version":[{"id":2175,"href":"https:\/\/solamix.ch\/de\/wp-json\/wp\/v2\/pages\/2166\/revisions\/2175"}],"wp:attachment":[{"href":"https:\/\/solamix.ch\/de\/wp-json\/wp\/v2\/media?parent=2166"}],"curies":[{"name":"wp","href":"https:\/\/api.w.org\/{rel}","templated":true}]}}