{"id":1358,"date":"2023-08-25T19:16:16","date_gmt":"2023-08-25T17:16:16","guid":{"rendered":"https:\/\/solamix.ch\/?page_id=1358"},"modified":"2025-07-08T20:15:10","modified_gmt":"2025-07-08T18:15:10","slug":"about","status":"publish","type":"page","link":"https:\/\/solamix.ch\/de\/about\/","title":{"rendered":"About"},"content":{"rendered":"\t\t<div data-elementor-type=\"wp-page\" data-elementor-id=\"1358\" class=\"elementor elementor-1358\" data-elementor-settings=\"{&quot;ha_cmc_init_switcher&quot;:&quot;no&quot;}\">\n\t\t\t\t\t\t<header class=\"elementor-section elementor-top-section elementor-element elementor-element-d21c66c elementor-section-full_width custom-sidebar elementor-section-height-default elementor-section-height-default\" data-id=\"d21c66c\" data-element_type=\"section\" data-e-type=\"section\" data-settings=\"{&quot;background_background&quot;:&quot;classic&quot;}\">\n\t\t\t\t\t\t<div class=\"elementor-container elementor-column-gap-no\">\n\t\t\t\t\t<div class=\"elementor-column elementor-col-100 elementor-top-column elementor-element elementor-element-0a5f28a\" data-id=\"0a5f28a\" data-element_type=\"column\" data-e-type=\"column\">\n\t\t\t<div class=\"elementor-widget-wrap elementor-element-populated\">\n\t\t\t\t\t\t<div class=\"elementor-element elementor-element-8ec8a7b sidebar-container elementor-widget elementor-widget-sidebar\" data-id=\"8ec8a7b\" data-element_type=\"widget\" data-e-type=\"widget\" data-widget_type=\"sidebar.default\">\n\t\t\t\t<div class=\"elementor-widget-container\">\n\t\t\t\t\t<div>\n<figure class=\"wp-block-image size-medium is-resized is-style-default sidebar-logo\"><a href=\"https:\/\/solamix.ch\/\"><img fetchpriority=\"high\" decoding=\"async\" fetchpriority=\"high\" width=\"300\" height=\"300\" src=\"https:\/\/solamix.ch\/wp-content\/uploads\/2023\/08\/Logo_bw-300x300.png\" alt=\"\" class=\"wp-image-1347\" style=\"object-fit:contain;width:70px;height:70px\" srcset=\"https:\/\/solamix.ch\/wp-content\/uploads\/2023\/08\/Logo_bw-300x300.png 300w, https:\/\/solamix.ch\/wp-content\/uploads\/2023\/08\/Logo_bw-150x150.png 150w, https:\/\/solamix.ch\/wp-content\/uploads\/2023\/08\/Logo_bw-768x768.png 768w, https:\/\/solamix.ch\/wp-content\/uploads\/2023\/08\/Logo_bw-12x12.png 12w, https:\/\/solamix.ch\/wp-content\/uploads\/2023\/08\/Logo_bw.png 915w\" sizes=\"(max-width: 300px) 100vw, 300px\" \/><\/a><\/figure>\n<\/div><div>\n<figure class=\"wp-block-image size-large is-resized is-style-default sidebar-logo sidebar-logo-large\"><a href=\"https:\/\/solamix.ch\/\"><img decoding=\"async\" width=\"1024\" height=\"275\" src=\"https:\/\/solamix.ch\/wp-content\/uploads\/2022\/10\/front_logo_de_tmp-1024x275.png\" alt=\"\" class=\"wp-image-259\" style=\"width:undefinedpx;height:70px\" srcset=\"https:\/\/solamix.ch\/wp-content\/uploads\/2022\/10\/front_logo_de_tmp-1024x275.png 1024w, https:\/\/solamix.ch\/wp-content\/uploads\/2022\/10\/front_logo_de_tmp-300x81.png 300w, https:\/\/solamix.ch\/wp-content\/uploads\/2022\/10\/front_logo_de_tmp-768x206.png 768w, https:\/\/solamix.ch\/wp-content\/uploads\/2022\/10\/front_logo_de_tmp-1536x413.png 1536w, https:\/\/solamix.ch\/wp-content\/uploads\/2022\/10\/front_logo_de_tmp-2048x551.png 2048w, https:\/\/solamix.ch\/wp-content\/uploads\/2022\/10\/front_logo_de_tmp-18x5.png 18w\" sizes=\"(max-width: 1024px) 100vw, 1024px\" \/><\/a><\/figure>\n<\/div><div><ul class=\"side-nav\">\n<li class=\"side-nav-item\">\n<a class=\"side-nav-link\" href=\"\/\">\n<i class=\"fas fa-home fa-fw\"><\/i>\n<span><strong>Home<\/strong><\/span>\n<\/a>\n<\/li>\n<li class=\"side-nav-item\">\n<a class=\"side-nav-link\" href=\"\/membership\">\n<i class=\"fas fa-user fa-fw\"><\/i>\n<span><strong>Mitgliedschaft<\/strong><\/span>\n<\/a>\n<\/li>\n<li class=\"side-nav-item\">\n<a class=\"side-nav-link\" href=\"\/pictures\">\n<i class=\"fas fa-camera fa-fw\"><\/i>\n<span><strong>Bilder<\/strong><\/span>\n<\/a>\n<\/li>\n<li class=\"side-nav-item\">\n<a class=\"side-nav-link\" href=\"\/about\">\n<i class=\"fas fa-users fa-fw\"><\/i>\n<span><strong>\u00dcber uns<\/strong><\/span>\n<\/a>\n<\/li>\n<li class=\"side-nav-item\" style=\"margin-top:-30px; margin-bottom:-24px; padding-bottom:0;\">\n<a class=\"side-nav-link\" href=\"\/antifa\">\n<i class=\"fas fa-users fa-fw\" style=\" opacity:0;\"><\/i>\n<span style=\"margin-left:1em;\">Gegen Rechts<\/span>\n<\/a>\n<\/li>\n<li class=\"side-nav-item\">\n<a class=\"side-nav-link\" href=\"\/faq\">\n<i class=\"fas fa-question-circle\" style=\"width:20px;\"><\/i>\n<span><strong>FAQ<\/strong><\/span>\n<\/a>\n<\/li>\n<\/ul><\/div><div><ul class=\"side-nav social\">\n<li class=\"side-nav-item social\">\n<a class=\"side-nav-link social\" href=\"https:\/\/www.instagram.com\/sol_ami_x\/\">\n<i class=\"fab fa-instagram fa-lg\"><\/i>\n<span><strong>@sol_ami_x<\/strong><\/span>\n<\/a>\n<\/li>\n<\/ul><\/div>\t\t\t\t<\/div>\n\t\t\t\t<\/div>\n\t\t\t\t\t<\/div>\n\t\t<\/div>\n\t\t\t\t\t<\/div>\n\t\t<\/header>\n\t\t\t\t<header class=\"elementor-section elementor-top-section elementor-element elementor-element-347c3e2 elementor-section-height-min-height custom-topbar elementor-section-boxed elementor-section-height-default elementor-section-items-middle\" data-id=\"347c3e2\" data-element_type=\"section\" data-e-type=\"section\" data-settings=\"{&quot;background_background&quot;:&quot;classic&quot;}\">\n\t\t\t\t\t\t<div class=\"elementor-container elementor-column-gap-default\">\n\t\t\t\t\t<div class=\"elementor-column elementor-col-66 elementor-top-column elementor-element elementor-element-7270dae\" data-id=\"7270dae\" data-element_type=\"column\" data-e-type=\"column\" data-settings=\"{&quot;background_background&quot;:&quot;classic&quot;}\">\n\t\t\t<div class=\"elementor-widget-wrap\">\n\t\t\t\t\t\t\t<\/div>\n\t\t<\/div>\n\t\t\t\t<div class=\"elementor-column elementor-col-33 elementor-top-column elementor-element elementor-element-11aa3cd\" data-id=\"11aa3cd\" data-element_type=\"column\" data-e-type=\"column\">\n\t\t\t<div class=\"elementor-widget-wrap elementor-element-populated\">\n\t\t\t\t\t\t<div class=\"elementor-element elementor-element-7dd2fad elementor-widget__width-auto elementor-widget elementor-widget-shortcode\" data-id=\"7dd2fad\" data-element_type=\"widget\" data-e-type=\"widget\" data-widget_type=\"shortcode.default\">\n\t\t\t\t<div class=\"elementor-widget-container\">\n\t\t\t\t\t\t\t<div class=\"elementor-shortcode\"><div class='trp-language-switcher-custom-container' data-no-translation><span class='trp-language-switcher-item trp-language-switcher-item-current'><a href='https:\/\/solamix.ch\/de\/wp-json\/wp\/v2\/pages\/1358'><strong>DE<\/strong><\/a><\/span><span class='trp-language-switcher-item trp-language-switcher-item-current'><a href='https:\/\/solamix.ch\/de\/wp-json\/wp\/v2\/pages\/1358'><strong>FR<\/strong><\/a><\/span><\/div><\/div>\n\t\t\t\t\t\t<\/div>\n\t\t\t\t<\/div>\n\t\t\t\t\t<\/div>\n\t\t<\/div>\n\t\t\t\t\t<\/div>\n\t\t<\/header>\n\t\t\t\t<section class=\"elementor-section elementor-top-section elementor-element elementor-element-8b4f747 main-content elementor-section-boxed elementor-section-height-default elementor-section-height-default\" data-id=\"8b4f747\" data-element_type=\"section\" data-e-type=\"section\" data-settings=\"{&quot;background_background&quot;:&quot;classic&quot;}\">\n\t\t\t\t\t\t<div class=\"elementor-container elementor-column-gap-default\">\n\t\t\t\t\t<div class=\"elementor-column elementor-col-100 elementor-top-column elementor-element elementor-element-4560460\" data-id=\"4560460\" data-element_type=\"column\" data-e-type=\"column\">\n\t\t\t<div class=\"elementor-widget-wrap elementor-element-populated\">\n\t\t\t\t\t\t<div class=\"elementor-element elementor-element-06b6c9b elementor-widget elementor-widget-heading\" data-id=\"06b6c9b\" data-element_type=\"widget\" data-e-type=\"widget\" data-widget_type=\"heading.default\">\n\t\t\t\t<div class=\"elementor-widget-container\">\n\t\t\t\t\t<h2 class=\"elementor-heading-title elementor-size-default\">\u00dcber uns<\/h2>\t\t\t\t<\/div>\n\t\t\t\t<\/div>\n\t\t\t\t<div class=\"elementor-element elementor-element-53489d6 elementor-widget elementor-widget-text-editor\" data-id=\"53489d6\" data-element_type=\"widget\" data-e-type=\"widget\" data-widget_type=\"text-editor.default\">\n\t\t\t\t<div class=\"elementor-widget-container\">\n\t\t\t\t\t\t\t\t\t<p><span style=\"color: #ffffff;\">Die Kerngruppe ist der Vorstand des Vereins kooperative sol.ami.x . Wir organisieren bzw. koordinieren alle Arbeiten die in dem Verein anfallen. Wir sind in diversen Arbeitsgruppen vertreten oder arbeiten mit ihnen zusammen (Anbau, Finanzen&amp;Buchhaltung, Werbung, Festivit\u00e4ten, Personal). Wir treffen uns regelm\u00e4ssig und f\u00e4llen unsere Entscheidungen nach dem Konsensprinzip. Wir organisieren die Hauptversammlungen und die Kommunikation des Vereins nach Innen und Aussen. Wir essen und lachen gerne zusammen.<\/span><\/p>\t\t\t\t\t\t\t\t<\/div>\n\t\t\t\t<\/div>\n\t\t\t\t<div class=\"elementor-element elementor-element-8879a9d team-image elementor-widget elementor-widget-image\" data-id=\"8879a9d\" data-element_type=\"widget\" data-e-type=\"widget\" data-widget_type=\"image.default\">\n\t\t\t\t<div class=\"elementor-widget-container\">\n\t\t\t\t\t\t\t\t\t\t\t\t<figure class=\"wp-caption\">\n\t\t\t\t\t\t\t\t\t\t\t<a href=\"https:\/\/solamix.ch\/wp-content\/uploads\/2025\/03\/kerngruppe.jpeg\" data-elementor-open-lightbox=\"yes\" data-e-action-hash=\"#elementor-action%3Aaction%3Dlightbox%26settings%3DeyJpZCI6MTk5NSwidXJsIjoiaHR0cHM6XC9cL3NvbGFtaXguY2hcL3dwLWNvbnRlbnRcL3VwbG9hZHNcLzIwMjVcLzAzXC9rZXJuZ3J1cHBlLmpwZWcifQ%3D%3D\">\n\t\t\t\t\t\t\t<img decoding=\"async\" src=\"https:\/\/solamix.ch\/wp-content\/uploads\/elementor\/thumbs\/kerngruppe-r3h385k16cgn1c78lw9tus0dh6lsd0m43ppwmdlpe8.jpeg\" title=\"Kerngruppe\" alt=\"Kerngruppe\" loading=\"lazy\" \/>\t\t\t\t\t\t\t\t<\/a>\n\t\t\t\t\t\t\t\t\t\t\t<figcaption class=\"widget-image-caption wp-caption-text\"><h2>Kerngruppe solamix, von links nach rechts: Jose, Luise, Lau, Mitch, Janine<\/h2><\/figcaption>\n\t\t\t\t\t\t\t\t\t\t<\/figure>\n\t\t\t\t\t\t\t\t\t<\/div>\n\t\t\t\t<\/div>\n\t\t\t\t<section class=\"elementor-section elementor-inner-section elementor-element elementor-element-1b824d1 elementor-section-boxed elementor-section-height-default elementor-section-height-default\" data-id=\"1b824d1\" data-element_type=\"section\" data-e-type=\"section\">\n\t\t\t\t\t\t<div class=\"elementor-container elementor-column-gap-custom\">\n\t\t\t\t\t<div class=\"elementor-column elementor-col-33 elementor-inner-column elementor-element elementor-element-8eb88d7\" data-id=\"8eb88d7\" data-element_type=\"column\" data-e-type=\"column\">\n\t\t\t<div class=\"elementor-widget-wrap elementor-element-populated\">\n\t\t\t\t\t\t<div class=\"elementor-element elementor-element-0ee7409 team-image elementor-widget elementor-widget-image\" data-id=\"0ee7409\" data-element_type=\"widget\" data-e-type=\"widget\" data-widget_type=\"image.default\">\n\t\t\t\t<div class=\"elementor-widget-container\">\n\t\t\t\t\t\t\t\t\t\t\t\t<figure class=\"wp-caption\">\n\t\t\t\t\t\t\t\t\t\t\t<a href=\"https:\/\/solamix.ch\/wp-content\/uploads\/2023\/08\/laura-scaled.jpg\" data-elementor-open-lightbox=\"&quot;yes&quot;\">\n\t\t\t\t\t\t\t<img decoding=\"async\" src=\"https:\/\/solamix.ch\/wp-content\/uploads\/elementor\/thumbs\/laura_thumbnail-scaled-qbjigowt457cf2a0fild4ighch77duxecsifxvlrxc.jpg\" title=\"\" alt=\"Laura\" loading=\"lazy\" \/>\t\t\t\t\t\t\t\t<\/a>\n\t\t\t\t\t\t\t\t\t\t\t<figcaption class=\"widget-image-caption wp-caption-text\"><h2>Laura<\/h2><p>Laura besch\u00e4ftigt sich leidenschaftlich gerne mit Pfl\u00e4nzli, von Deko-Bl\u00fcemli und B\u00e4umen \u00fcber Heilpflanzen zu Gem\u00fcse. nach vielen Jahren im Gartenbau ist Lau via Kolumbien, Neuseeland und Spanien zum Gem\u00fcseanbauen gekommen. packt gerne an, mag Sp\u00e4sschen, Spanisch und Shiatsu. Kind Muko ist Lau sehr wichtig, so auch Freundschaften! Lau ist in der Kerngruppe aktiv, aber noch lieber auf dem Acker!<\/p><\/figcaption>\n\t\t\t\t\t\t\t\t\t\t<\/figure>\n\t\t\t\t\t\t\t\t\t<\/div>\n\t\t\t\t<\/div>\n\t\t\t\t\t<\/div>\n\t\t<\/div>\n\t\t\t\t<div class=\"elementor-column elementor-col-33 elementor-inner-column elementor-element elementor-element-bda62f3\" data-id=\"bda62f3\" data-element_type=\"column\" data-e-type=\"column\">\n\t\t\t<div class=\"elementor-widget-wrap elementor-element-populated\">\n\t\t\t\t\t\t<div class=\"elementor-element elementor-element-0c3aeed team-image elementor-widget elementor-widget-image\" data-id=\"0c3aeed\" data-element_type=\"widget\" data-e-type=\"widget\" data-widget_type=\"image.default\">\n\t\t\t\t<div class=\"elementor-widget-container\">\n\t\t\t\t\t\t\t\t\t\t\t\t<figure class=\"wp-caption\">\n\t\t\t\t\t\t\t\t\t\t\t<a href=\"https:\/\/solamix.ch\/wp-content\/uploads\/2023\/08\/mitch-scaled.jpg\">\n\t\t\t\t\t\t\t<img decoding=\"async\" src=\"https:\/\/solamix.ch\/wp-content\/uploads\/elementor\/thumbs\/mitch_thumbnail-scaled-qbjih7pkwtx2v9ipdqpwidpp86mjnt013dk5jetwgw.jpg\" title=\"\" alt=\"Mitch\" loading=\"lazy\" \/>\t\t\t\t\t\t\t\t<\/a>\n\t\t\t\t\t\t\t\t\t\t\t<figcaption class=\"widget-image-caption wp-caption-text\"><h2>Mitch<\/h2><p>Mitch interessiert sich leidenschaftlich f\u00fcr Feldbotanik, \u00f6kologische Wechselwirkungen und das Ende vom Patriarchat. Mitch hasst Widerspr\u00fcche und ist jedoch immer mit dem Auto unterwegs. Mitch est responsable du compost car on sait bien que c'est la meilleure chose \u00e0 faire de la merde qui nous entoure.<\/p><\/figcaption>\n\t\t\t\t\t\t\t\t\t\t<\/figure>\n\t\t\t\t\t\t\t\t\t<\/div>\n\t\t\t\t<\/div>\n\t\t\t\t\t<\/div>\n\t\t<\/div>\n\t\t\t\t<div class=\"elementor-column elementor-col-33 elementor-inner-column elementor-element elementor-element-0e187e0\" data-id=\"0e187e0\" data-element_type=\"column\" data-e-type=\"column\">\n\t\t\t<div class=\"elementor-widget-wrap elementor-element-populated\">\n\t\t\t\t\t\t<div class=\"elementor-element elementor-element-0138a9d team-image elementor-widget elementor-widget-image\" data-id=\"0138a9d\" data-element_type=\"widget\" data-e-type=\"widget\" data-widget_type=\"image.default\">\n\t\t\t\t<div class=\"elementor-widget-container\">\n\t\t\t\t\t\t\t\t\t\t\t\t<figure class=\"wp-caption\">\n\t\t\t\t\t\t\t\t\t\t\t<a href=\"https:\/\/solamix.ch\/wp-content\/uploads\/2023\/08\/luise-scaled.jpg\">\n\t\t\t\t\t\t\t<img decoding=\"async\" src=\"https:\/\/solamix.ch\/wp-content\/uploads\/elementor\/thumbs\/luise_thumbnail-scaled-qbjigxdctnixbjxq24908ybmoy1ib4uzdydt9d98dc.jpg\" title=\"\" alt=\"Luise\" loading=\"lazy\" \/>\t\t\t\t\t\t\t\t<\/a>\n\t\t\t\t\t\t\t\t\t\t\t<figcaption class=\"widget-image-caption wp-caption-text\"><h2> Luise<\/h2><p> Luise ist Gem\u00fcseg\u00e4rtnerin und bei der kooperative sol.ami.x angestellt. H\u00e4ufig auf dem Feld anzutreffen, begleitet das Gem\u00fcse am liebsten vom Samen bis auf den Teller aber auch gerne in der Hostet die alten und jungen Hochstammobstb\u00e4ume am Pflegen. Ausserdem ist Luise in der Kerngruppe aktiv, in der Arbeitsgruppe Anbau, Infrastruktur und mit gewissen admin Arbeiten besch\u00e4ftigt. <\/p><\/figcaption>\n\t\t\t\t\t\t\t\t\t\t<\/figure>\n\t\t\t\t\t\t\t\t\t<\/div>\n\t\t\t\t<\/div>\n\t\t\t\t\t<\/div>\n\t\t<\/div>\n\t\t\t\t\t<\/div>\n\t\t<\/section>\n\t\t\t\t<section class=\"elementor-section elementor-inner-section elementor-element elementor-element-2419c5a elementor-section-boxed elementor-section-height-default elementor-section-height-default\" data-id=\"2419c5a\" data-element_type=\"section\" data-e-type=\"section\">\n\t\t\t\t\t\t<div class=\"elementor-container elementor-column-gap-custom\">\n\t\t\t\t\t<div class=\"elementor-column elementor-col-33 elementor-inner-column elementor-element elementor-element-5e8b2cc\" data-id=\"5e8b2cc\" data-element_type=\"column\" data-e-type=\"column\">\n\t\t\t<div class=\"elementor-widget-wrap elementor-element-populated\">\n\t\t\t\t\t\t<div class=\"elementor-element elementor-element-14372ea team-image elementor-widget elementor-widget-image\" data-id=\"14372ea\" data-element_type=\"widget\" data-e-type=\"widget\" data-widget_type=\"image.default\">\n\t\t\t\t<div class=\"elementor-widget-container\">\n\t\t\t\t\t\t\t\t\t\t\t\t<figure class=\"wp-caption\">\n\t\t\t\t\t\t\t\t\t\t\t<a href=\"https:\/\/solamix.ch\/wp-content\/uploads\/2023\/08\/jose-scaled.jpg\">\n\t\t\t\t\t\t\t<img decoding=\"async\" src=\"https:\/\/solamix.ch\/wp-content\/uploads\/elementor\/thumbs\/jose_thumbnail-scaled-qbjigekl0yt6vcp13w4gv32et8m616scndc3nu13ts.jpg\" title=\"\" alt=\"Jos\u00e9\" loading=\"lazy\" \/>\t\t\t\t\t\t\t\t<\/a>\n\t\t\t\t\t\t\t\t\t\t\t<figcaption class=\"widget-image-caption wp-caption-text\"><h2>Jos\u00e9<\/h2><p>Im Vorimholz bin ich auch bekannt unter dem Namen Schissi-Josi oder Jos\u00e9. Ich bin immer am Start, habe aber bis jetzt noch nicht so viel auf dem Feld mitgearbeitet. Ich bin eher im Adminbereich und in der Werbung aktiv. Da ich aber nicht so gerne in die Schule gehe und dies im n\u00e4chsten Halbjahr auch weniger tun werde, kann ich vielleicht endlich mehr \u00fcber Gem\u00fcse etc. lernen. Vielleicht \u00e4ndert sich dann auch meine Lieblingsaufgabe Kompotoi leeren? Vielleicht auch nicht. Wenn ich keine schlechte Laune habe, dann bin ich immer f\u00fcr Witze und Spr\u00fcche zu haben. Ig bi \u00e4 n\u00f6ie Macker, triff mi ufem Acker. Solawi, c\u2019est la vie!<\/p><\/figcaption>\n\t\t\t\t\t\t\t\t\t\t<\/figure>\n\t\t\t\t\t\t\t\t\t<\/div>\n\t\t\t\t<\/div>\n\t\t\t\t\t<\/div>\n\t\t<\/div>\n\t\t\t\t<div class=\"elementor-column elementor-col-33 elementor-inner-column elementor-element elementor-element-a6ea8ba\" data-id=\"a6ea8ba\" data-element_type=\"column\" data-e-type=\"column\">\n\t\t\t<div class=\"elementor-widget-wrap elementor-element-populated\">\n\t\t\t\t\t\t<div class=\"elementor-element elementor-element-0e7be53 team-image elementor-widget elementor-widget-image\" data-id=\"0e7be53\" data-element_type=\"widget\" data-e-type=\"widget\" data-widget_type=\"image.default\">\n\t\t\t\t<div class=\"elementor-widget-container\">\n\t\t\t\t\t\t\t\t\t\t\t\t<figure class=\"wp-caption\">\n\t\t\t\t\t\t\t\t\t\t\t<a href=\"https:\/\/solamix.ch\/wp-content\/uploads\/2023\/08\/janine-scaled.jpg\">\n\t\t\t\t\t\t\t<img decoding=\"async\" src=\"https:\/\/solamix.ch\/wp-content\/uploads\/elementor\/thumbs\/janine_thumbnail-scaled-qbjig3aiqydr015exr8y15wvom5rgtjklti9wihtwg.jpg\" title=\"\" alt=\"Janine\" loading=\"lazy\" \/>\t\t\t\t\t\t\t\t<\/a>\n\t\t\t\t\t\t\t\t\t\t\t<figcaption class=\"widget-image-caption wp-caption-text\"><h2> Janine <\/h2><p>Neben der Arbeit in der Kerngruppe ist Janine vor allem in der AG Buchhaltung und der AG Werbung aktiv. Ab und zu auf dem Feld ist Janine besonders passioniert im Setzen oder Rasenm\u00e4hen. Zur kooperative sol.ami.x ist Janine gestossen, um sich gemeinsam auf eine kritische Weise mit der Produktion und Verteilung von Essen auseinanderzusetzen.<\/p><\/figcaption>\n\t\t\t\t\t\t\t\t\t\t<\/figure>\n\t\t\t\t\t\t\t\t\t<\/div>\n\t\t\t\t<\/div>\n\t\t\t\t\t<\/div>\n\t\t<\/div>\n\t\t\t\t<div class=\"elementor-column elementor-col-33 elementor-inner-column elementor-element elementor-element-7d46de7\" data-id=\"7d46de7\" data-element_type=\"column\" data-e-type=\"column\">\n\t\t\t<div class=\"elementor-widget-wrap\">\n\t\t\t\t\t\t\t<\/div>\n\t\t<\/div>\n\t\t\t\t\t<\/div>\n\t\t<\/section>\n\t\t\t\t\t<\/div>\n\t\t<\/div>\n\t\t\t\t\t<\/div>\n\t\t<\/section>\n\t\t\t\t<footer class=\"elementor-section elementor-top-section elementor-element elementor-element-0415b83 elementor-section-boxed elementor-section-height-default elementor-section-height-default\" data-id=\"0415b83\" data-element_type=\"section\" data-e-type=\"section\" data-settings=\"{&quot;background_background&quot;:&quot;classic&quot;}\">\n\t\t\t\t\t\t<div class=\"elementor-container elementor-column-gap-no\">\n\t\t\t\t\t<div class=\"elementor-column elementor-col-100 elementor-top-column elementor-element elementor-element-abefdf2\" data-id=\"abefdf2\" data-element_type=\"column\" data-e-type=\"column\">\n\t\t\t<div class=\"elementor-widget-wrap elementor-element-populated\">\n\t\t\t\t\t\t<section class=\"elementor-section elementor-inner-section elementor-element elementor-element-c887f2e elementor-section-boxed elementor-section-height-default elementor-section-height-default\" data-id=\"c887f2e\" data-element_type=\"section\" data-e-type=\"section\">\n\t\t\t\t\t\t<div class=\"elementor-container elementor-column-gap-default\">\n\t\t\t\t\t<div class=\"elementor-column elementor-col-33 elementor-inner-column elementor-element elementor-element-21da1b8\" data-id=\"21da1b8\" data-element_type=\"column\" data-e-type=\"column\">\n\t\t\t<div class=\"elementor-widget-wrap elementor-element-populated\">\n\t\t\t\t\t\t<div class=\"elementor-element elementor-element-f119f88 elementor-widget elementor-widget-text-editor\" data-id=\"f119f88\" data-element_type=\"widget\" data-e-type=\"widget\" data-widget_type=\"text-editor.default\">\n\t\t\t\t<div class=\"elementor-widget-container\">\n\t\t\t\t\t\t\t\t\t<p><span style=\"color: #c2c2c2;\"><strong>Verein kooperative sol\u00b7ami\u00b7x<\/strong><\/span><br \/>Wysserain 7<br \/>3257 Grossaffoltern<\/p><p><strong><a href=\"mailto:solamix@immerda.ch\">solamix@immerda.ch<\/a><\/strong><\/p>\t\t\t\t\t\t\t\t<\/div>\n\t\t\t\t<\/div>\n\t\t\t\t\t<\/div>\n\t\t<\/div>\n\t\t\t\t<div class=\"elementor-column elementor-col-33 elementor-inner-column elementor-element elementor-element-9b9a7be col-center-left\" data-id=\"9b9a7be\" data-element_type=\"column\" data-e-type=\"column\">\n\t\t\t<div class=\"elementor-widget-wrap elementor-element-populated\">\n\t\t\t\t\t\t<div class=\"elementor-element elementor-element-ea05aa6 elementor-widget elementor-widget-text-editor\" data-id=\"ea05aa6\" data-element_type=\"widget\" data-e-type=\"widget\" data-widget_type=\"text-editor.default\">\n\t\t\t\t<div class=\"elementor-widget-container\">\n\t\t\t\t\t\t\t\t\t<p><span style=\"color: #c2c2c2;\"><strong>Kontodaten<\/strong><\/span><br \/>Alternative Bank Schweiz<br \/>BIC (SWIFT-Code): ABSOCH22<\/p><p>CH29 0839 0039 1971 1000 3<\/p>\t\t\t\t\t\t\t\t<\/div>\n\t\t\t\t<\/div>\n\t\t\t\t\t<\/div>\n\t\t<\/div>\n\t\t\t\t<div class=\"elementor-column elementor-col-33 elementor-inner-column elementor-element elementor-element-3890d17\" data-id=\"3890d17\" data-element_type=\"column\" data-e-type=\"column\">\n\t\t\t<div class=\"elementor-widget-wrap elementor-element-populated\">\n\t\t\t\t\t\t<div class=\"elementor-element elementor-element-5801911 elementor-widget elementor-widget-image\" data-id=\"5801911\" data-element_type=\"widget\" data-e-type=\"widget\" data-widget_type=\"image.default\">\n\t\t\t\t<div class=\"elementor-widget-container\">\n\t\t\t\t\t\t\t\t\t\t\t\t\t\t\t<img loading=\"lazy\" decoding=\"async\" width=\"300\" height=\"300\" src=\"https:\/\/solamix.ch\/wp-content\/uploads\/2022\/08\/logo_trans-300x300.png\" class=\"attachment-medium size-medium wp-image-22\" alt=\"\" srcset=\"https:\/\/solamix.ch\/wp-content\/uploads\/2022\/08\/logo_trans-300x300.png 300w, https:\/\/solamix.ch\/wp-content\/uploads\/2022\/08\/elementor\/thumbs\/logo_trans-pu2jb61dmki9orurg4znhyu652mua2wkryl0fjnxb0.png 150w, https:\/\/solamix.ch\/wp-content\/uploads\/2022\/08\/elementor\/thumbs\/logo_trans-pu2jb61ceppu2rp1184hdvzt3qf7mbouw5zua56p9w.png 50w, https:\/\/solamix.ch\/wp-content\/uploads\/2022\/08\/elementor\/thumbs\/logo_trans-pu2jb61d0n41vrrw8ok2fxezmej0y7apu2afcufbag.png 100w, https:\/\/solamix.ch\/wp-content\/uploads\/2022\/08\/logo_trans.png 621w\" sizes=\"(max-width: 300px) 100vw, 300px\" \/>\t\t\t\t\t\t\t\t\t\t\t\t\t\t\t<\/div>\n\t\t\t\t<\/div>\n\t\t\t\t\t<\/div>\n\t\t<\/div>\n\t\t\t\t\t<\/div>\n\t\t<\/section>\n\t\t\t\t<div class=\"elementor-element elementor-element-2e4d3ca elementor-widget elementor-widget-text-editor\" data-id=\"2e4d3ca\" data-element_type=\"widget\" data-e-type=\"widget\" data-widget_type=\"text-editor.default\">\n\t\t\t\t<div class=\"elementor-widget-container\">\n\t\t\t\t\t\t\t\t\t<p><strong>Copyright \u00a9 2025 <a style=\"text-decoration: none;\" href=\"https:\/\/solamix.ch\/\">kooperative sol\u00b7ami\u00b7x <\/a>| <a style=\"text-decoration: none;\" href=\"https:\/\/solamix.ch\/wp-admin\">Login<\/a> | <a style=\"text-decoration: none;\" href=\"https:\/\/solamix.ch\/impressum\">Impressum<\/a> | <a style=\"text-decoration: none;\" href=\"https:\/\/solamix.ch\/datenschutzerklaerung\/\">Datenschutzerkl\u00e4rung<\/a><\/strong><\/p>\t\t\t\t\t\t\t\t<\/div>\n\t\t\t\t<\/div>\n\t\t\t\t\t<\/div>\n\t\t<\/div>\n\t\t\t\t\t<\/div>\n\t\t<\/footer>\n\t\t\t\t<\/div>\n\t\t","protected":false},"excerpt":{"rendered":"<p>\u00dcber uns Die Kerngruppe ist der Vorstand des Vereins kooperative sol.ami.x . Wir organisieren bzw. koordinieren alle Arbeiten die in dem Verein anfallen. Wir sind in diversen Arbeitsgruppen vertreten oder arbeiten mit ihnen zusammen (Anbau, Finanzen&amp;Buchhaltung, Werbung, Festivit\u00e4ten, Personal). Wir treffen uns regelm\u00e4ssig und f\u00e4llen unsere Entscheidungen nach dem Konsensprinzip. Wir organisieren die Hauptversammlungen und [&hellip;]<\/p>\n","protected":false},"author":2,"featured_media":0,"parent":0,"menu_order":0,"comment_status":"closed","ping_status":"closed","template":"","meta":{"footnotes":""},"class_list":["post-1358","page","type-page","status-publish","hentry"],"_links":{"self":[{"href":"https:\/\/solamix.ch\/de\/wp-json\/wp\/v2\/pages\/1358","targetHints":{"allow":["GET"]}}],"collection":[{"href":"https:\/\/solamix.ch\/de\/wp-json\/wp\/v2\/pages"}],"about":[{"href":"https:\/\/solamix.ch\/de\/wp-json\/wp\/v2\/types\/page"}],"author":[{"embeddable":true,"href":"https:\/\/solamix.ch\/de\/wp-json\/wp\/v2\/users\/2"}],"replies":[{"embeddable":true,"href":"https:\/\/solamix.ch\/de\/wp-json\/wp\/v2\/comments?post=1358"}],"version-history":[{"count":235,"href":"https:\/\/solamix.ch\/de\/wp-json\/wp\/v2\/pages\/1358\/revisions"}],"predecessor-version":[{"id":2154,"href":"https:\/\/solamix.ch\/de\/wp-json\/wp\/v2\/pages\/1358\/revisions\/2154"}],"wp:attachment":[{"href":"https:\/\/solamix.ch\/de\/wp-json\/wp\/v2\/media?parent=1358"}],"curies":[{"name":"wp","href":"https:\/\/api.w.org\/{rel}","templated":true}]}}